{"id":207,"date":"2024-11-05T15:33:57","date_gmt":"2024-11-05T15:33:57","guid":{"rendered":"http:\/\/www.vmcservices.cat\/?page_id=207"},"modified":"2024-11-20T17:22:43","modified_gmt":"2024-11-20T17:22:43","slug":"gestiones-y-tramites-administrativos","status":"publish","type":"page","link":"https:\/\/www.vmcservices.cat\/fr\/servicios\/gestiones-y-tramites-administrativos\/","title":{"rendered":"Proc\u00e9dures de gestion et administratives"},"content":{"rendered":"<div data-elementor-type=\"wp-page\" data-elementor-id=\"207\" class=\"elementor elementor-207\" data-elementor-post-type=\"page\">\n\t\t\t\t<div class=\"elementor-element elementor-element-e3ae3a8 e-flex e-con-boxed e-con e-parent\" data-id=\"e3ae3a8\" data-element_type=\"container\" data-settings=\"{&quot;background_background&quot;:&quot;classic&quot;}\">\n\t\t\t\t\t<div class=\"e-con-inner\">\n\t\t\t\t<div class=\"elementor-element elementor-element-7947b3d elementor-invisible elementor-widget elementor-widget-heading\" data-id=\"7947b3d\" data-element_type=\"widget\" data-settings=\"{&quot;_animation&quot;:&quot;fadeInDown&quot;}\" data-widget_type=\"heading.default\">\n\t\t\t\t<div class=\"elementor-widget-container\">\n\t\t\t\t\t<h1 class=\"elementor-heading-title elementor-size-default\">Simplifier la bureaucratie avec mes d\u00e9marches et d\u00e9marches administratives\n<\/h1>\t\t\t\t<\/div>\n\t\t\t\t<\/div>\n\t\t\t\t<div class=\"elementor-element elementor-element-a56d987 elementor-icon-list--layout-inline elementor-align-center elementor-hidden-mobile elementor-list-item-link-full_width elementor-invisible elementor-widget elementor-widget-icon-list\" data-id=\"a56d987\" data-element_type=\"widget\" data-settings=\"{&quot;_animation&quot;:&quot;fadeInDown&quot;}\" data-widget_type=\"icon-list.default\">\n\t\t\t\t<div class=\"elementor-widget-container\">\n\t\t\t\t\t\t\t<ul class=\"elementor-icon-list-items elementor-inline-items\">\n\t\t\t\t\t\t\t<li class=\"elementor-icon-list-item elementor-inline-item\">\n\t\t\t\t\t\t\t\t\t\t\t<a href=\"https:\/\/www.vmcservices.cat\/fr\">\n\n\t\t\t\t\t\t\t\t\t\t\t<span class=\"elementor-icon-list-text\">Maison<\/span>\n\t\t\t\t\t\t\t\t\t\t\t<\/a>\n\t\t\t\t\t\t\t\t\t<\/li>\n\t\t\t\t\t\t\t\t<li class=\"elementor-icon-list-item elementor-inline-item\">\n\t\t\t\t\t\t\t\t\t\t\t<a href=\"https:\/\/www.vmcservices.cat\/fr\/servicios\/\">\n\n\t\t\t\t\t\t\t\t\t\t\t\t<span class=\"elementor-icon-list-icon\">\n\t\t\t\t\t\t\t<i aria-hidden=\"true\" class=\"icon icon-right-arrow\"><\/i>\t\t\t\t\t\t<\/span>\n\t\t\t\t\t\t\t\t\t\t<span class=\"elementor-icon-list-text\">Services<\/span>\n\t\t\t\t\t\t\t\t\t\t\t<\/a>\n\t\t\t\t\t\t\t\t\t<\/li>\n\t\t\t\t\t\t\t\t<li class=\"elementor-icon-list-item elementor-inline-item\">\n\t\t\t\t\t\t\t\t\t\t\t<span class=\"elementor-icon-list-icon\">\n\t\t\t\t\t\t\t<i aria-hidden=\"true\" class=\"icon icon-right-arrow\"><\/i>\t\t\t\t\t\t<\/span>\n\t\t\t\t\t\t\t\t\t\t<span class=\"elementor-icon-list-text\">Proc\u00e9dures de gestion et administratives<\/span>\n\t\t\t\t\t\t\t\t\t<\/li>\n\t\t\t\t\t\t<\/ul>\n\t\t\t\t\t\t<\/div>\n\t\t\t\t<\/div>\n\t\t\t\t\t<\/div>\n\t\t\t\t<\/div>\n\t\t<div class=\"elementor-element elementor-element-b0e2db5 e-flex e-con-boxed e-con e-parent\" data-id=\"b0e2db5\" data-element_type=\"container\" data-settings=\"{&quot;background_background&quot;:&quot;classic&quot;}\">\n\t\t\t\t\t<div class=\"e-con-inner\">\n\t\t<div class=\"elementor-element elementor-element-6009b3f e-con-full e-flex e-con e-child\" data-id=\"6009b3f\" data-element_type=\"container\">\n\t\t<div class=\"elementor-element elementor-element-3b280fd e-con-full e-flex e-con e-child\" data-id=\"3b280fd\" data-element_type=\"container\">\n\t\t\t\t<div class=\"elementor-element elementor-element-db1b430 elementor-invisible elementor-widget elementor-widget-text-editor\" data-id=\"db1b430\" data-element_type=\"widget\" data-settings=\"{&quot;_animation&quot;:&quot;fadeInDown&quot;}\" data-widget_type=\"text-editor.default\">\n\t\t\t\t<div class=\"elementor-widget-container\">\n\t\t\t\t\t\t\t\t\t<p>Chez VMC Services, je suis en charge de simplifier la bureaucratie et de faciliter les d\u00e9marches administratives dont vous pourriez avoir besoin. Mon objectif est de vous faire gagner du temps et des efforts, en vous fournissant un service complet qui couvre tous vos besoins administratifs avec un maximum d\u2019efficacit\u00e9 et de professionnalisme.<\/p>\t\t\t\t\t\t\t\t<\/div>\n\t\t\t\t<\/div>\n\t\t\t\t<\/div>\n\t\t\t\t<\/div>\n\t\t\t\t\t<\/div>\n\t\t\t\t<\/div>\n\t\t<div class=\"elementor-element elementor-element-b293f20 e-flex e-con-boxed e-con e-parent\" data-id=\"b293f20\" data-element_type=\"container\" data-settings=\"{&quot;background_background&quot;:&quot;classic&quot;}\">\n\t\t\t\t\t<div class=\"e-con-inner\">\n\t\t<div class=\"elementor-element elementor-element-ef548e6 e-con-full e-flex e-con e-child\" data-id=\"ef548e6\" data-element_type=\"container\">\n\t\t<div class=\"elementor-element elementor-element-357c16d e-con-full e-flex e-con e-child\" data-id=\"357c16d\" data-element_type=\"container\">\n\t\t\t\t<div class=\"elementor-element elementor-element-237dfdf elementor-invisible elementor-widget elementor-widget-heading\" data-id=\"237dfdf\" data-element_type=\"widget\" data-settings=\"{&quot;_animation&quot;:&quot;fadeInDown&quot;}\" data-widget_type=\"heading.default\">\n\t\t\t\t<div class=\"elementor-widget-container\">\n\t\t\t\t\t<h2 class=\"elementor-heading-title elementor-size-default\">Que propose ma gestion administrative ?<\/h2>\t\t\t\t<\/div>\n\t\t\t\t<\/div>\n\t\t\t\t<\/div>\n\t\t\t\t<\/div>\n\t\t<div class=\"elementor-element elementor-element-bc50595 e-grid e-con-full e-con e-child\" data-id=\"bc50595\" data-element_type=\"container\">\n\t\t<div class=\"elementor-element elementor-element-e91296e e-con-full e-flex e-con e-child\" data-id=\"e91296e\" data-element_type=\"container\" data-settings=\"{&quot;background_background&quot;:&quot;classic&quot;}\">\n\t\t\t\t<div class=\"elementor-element elementor-element-91643b8 elementor-view-stacked elementor-shape-circle elementor-invisible elementor-widget elementor-widget-icon\" data-id=\"91643b8\" data-element_type=\"widget\" data-settings=\"{&quot;_animation&quot;:&quot;fadeInDown&quot;}\" data-widget_type=\"icon.default\">\n\t\t\t\t<div class=\"elementor-widget-container\">\n\t\t\t\t\t\t\t<div class=\"elementor-icon-wrapper\">\n\t\t\t<div class=\"elementor-icon\">\n\t\t\t<i aria-hidden=\"true\" class=\"icon icon-money-3\"><\/i>\t\t\t<\/div>\n\t\t<\/div>\n\t\t\t\t\t\t<\/div>\n\t\t\t\t<\/div>\n\t\t\t\t<div class=\"elementor-element elementor-element-b525ab9 elementor-invisible elementor-widget elementor-widget-heading\" data-id=\"b525ab9\" data-element_type=\"widget\" data-settings=\"{&quot;_animation&quot;:&quot;fadeInDown&quot;}\" data-widget_type=\"heading.default\">\n\t\t\t\t<div class=\"elementor-widget-container\">\n\t\t\t\t\t<p class=\"elementor-heading-title elementor-size-default\">Pr\u00e9paration et pr\u00e9sentation de l&#039;IRNR<\/p>\t\t\t\t<\/div>\n\t\t\t\t<\/div>\n\t\t\t\t<div class=\"elementor-element elementor-element-5b3ed4f elementor-invisible elementor-widget elementor-widget-text-editor\" data-id=\"5b3ed4f\" data-element_type=\"widget\" data-settings=\"{&quot;_animation&quot;:&quot;fadeInDown&quot;}\" data-widget_type=\"text-editor.default\">\n\t\t\t\t<div class=\"elementor-widget-container\">\n\t\t\t\t\t\t\t\t\t<p>Je g\u00e8re l&#039;\u00e9laboration et la pr\u00e9sentation de l&#039;Imp\u00f4t des Non-R\u00e9sidents (IRNR), en veillant \u00e0 ce que vous respectiez correctement et dans les d\u00e9lais toutes vos obligations fiscales.<\/p>\t\t\t\t\t\t\t\t<\/div>\n\t\t\t\t<\/div>\n\t\t\t\t<\/div>\n\t\t<div class=\"elementor-element elementor-element-7c1be12 e-con-full e-flex e-con e-child\" data-id=\"7c1be12\" data-element_type=\"container\" data-settings=\"{&quot;background_background&quot;:&quot;classic&quot;}\">\n\t\t\t\t<div class=\"elementor-element elementor-element-2ec2301 elementor-view-stacked elementor-shape-circle elementor-invisible elementor-widget elementor-widget-icon\" data-id=\"2ec2301\" data-element_type=\"widget\" data-settings=\"{&quot;_animation&quot;:&quot;fadeInDown&quot;}\" data-widget_type=\"icon.default\">\n\t\t\t\t<div class=\"elementor-widget-container\">\n\t\t\t\t\t\t\t<div class=\"elementor-icon-wrapper\">\n\t\t\t<div class=\"elementor-icon\">\n\t\t\t<i aria-hidden=\"true\" class=\"icon icon-users2\"><\/i>\t\t\t<\/div>\n\t\t<\/div>\n\t\t\t\t\t\t<\/div>\n\t\t\t\t<\/div>\n\t\t\t\t<div class=\"elementor-element elementor-element-e414d56 elementor-invisible elementor-widget elementor-widget-heading\" data-id=\"e414d56\" data-element_type=\"widget\" data-settings=\"{&quot;_animation&quot;:&quot;fadeInDown&quot;}\" data-widget_type=\"heading.default\">\n\t\t\t\t<div class=\"elementor-widget-container\">\n\t\t\t\t\t<p class=\"elementor-heading-title elementor-size-default\">Traitement des t\u00e2ches administratives<\/p>\t\t\t\t<\/div>\n\t\t\t\t<\/div>\n\t\t\t\t<div class=\"elementor-element elementor-element-b4f3eaf elementor-invisible elementor-widget elementor-widget-text-editor\" data-id=\"b4f3eaf\" data-element_type=\"widget\" data-settings=\"{&quot;_animation&quot;:&quot;fadeInDown&quot;}\" data-widget_type=\"text-editor.default\">\n\t\t\t\t<div class=\"elementor-widget-container\">\n\t\t\t\t\t\t\t\t\t<p>Je g\u00e8re une grande vari\u00e9t\u00e9 de t\u00e2ches administratives, de la gestion des documents au traitement des permis et des licences, vous permettant de vous concentrer sur ce qui compte vraiment.<\/p>\t\t\t\t\t\t\t\t<\/div>\n\t\t\t\t<\/div>\n\t\t\t\t<\/div>\n\t\t<div class=\"elementor-element elementor-element-02c35ea e-con-full e-flex e-con e-child\" data-id=\"02c35ea\" data-element_type=\"container\" data-settings=\"{&quot;background_background&quot;:&quot;classic&quot;}\">\n\t\t\t\t<div class=\"elementor-element elementor-element-390ab71 elementor-view-stacked elementor-shape-circle elementor-invisible elementor-widget elementor-widget-icon\" data-id=\"390ab71\" data-element_type=\"widget\" data-settings=\"{&quot;_animation&quot;:&quot;fadeInDown&quot;}\" data-widget_type=\"icon.default\">\n\t\t\t\t<div class=\"elementor-widget-container\">\n\t\t\t\t\t\t\t<div class=\"elementor-icon-wrapper\">\n\t\t\t<div class=\"elementor-icon\">\n\t\t\t<svg xmlns=\"http:\/\/www.w3.org\/2000\/svg\" xmlns:xlink=\"http:\/\/www.w3.org\/1999\/xlink\" width=\"512\" height=\"512\" x=\"0\" y=\"0\" viewbox=\"0 0 682.667 682.667\" style=\"enable-background:new 0 0 512 512\" xml:space=\"preserve\"><g><defs><clippath id=\"a\" clippathunits=\"userSpaceOnUse\"><path d=\"M0 512h512V0H0Z\" fill=\"#962b1e\" opacity=\"1\" data-original=\"#000000\"><\/path><\/clippath><\/defs><g clip-path=\"url(#a)\" transform=\"matrix(1.33333 0 0 -1.33333 0 682.667)\"><path d=\"M0 0v-18.284c0-12.022 9.745-21.767 21.767-21.767v0c12.022 0 21.767 9.745 21.767 21.767v153.167c0 12.022-9.745 21.767-21.767 21.767v0C9.745 156.65 0 146.905 0 134.883V35.086\" style=\"stroke-width:15;stroke-linecap:round;stroke-linejoin:round;stroke-miterlimit:10;stroke-dasharray:none;stroke-opacity:1\" transform=\"translate(178.045 128.367)\" fill=\"none\" stroke=\"#962b1e\" stroke-width=\"15\" stroke-linecap=\"round\" stroke-linejoin=\"round\" stroke-miterlimit=\"10\" stroke-dasharray=\"none\" stroke-opacity=\"\" data-original=\"#000000\" opacity=\"1\"><\/path><path d=\"m0 0 .001.046h-116.274c-9.184 0-16.629-7.444-16.629-16.628v-126.149c0-9.184 7.445-16.629 16.629-16.629l117.172.001\" style=\"stroke-width:15;stroke-linecap:round;stroke-linejoin:round;stroke-miterlimit:10;stroke-dasharray:none;stroke-opacity:1\" transform=\"translate(178.045 263.25)\" fill=\"none\" stroke=\"#962b1e\" stroke-width=\"15\" stroke-linecap=\"round\" stroke-linejoin=\"round\" stroke-miterlimit=\"10\" stroke-dasharray=\"none\" stroke-opacity=\"\" data-original=\"#000000\" opacity=\"1\"><\/path><path d=\"M0 0h35.685c5.206 0 10.365-.99 15.202-2.917l33.905-13.507a172.568 172.568 0 0 1 55.683-9.23l42.25-.335c13.443 0 24.267 11.215 23.628 24.799-.44 9.359-6.489 17.128-14.727 20.584a1.003 1.003 0 0 0-.623.923c0 .556.451 1.005 1.006 1.005h5.045c12.503 0 23.005 9.973 23.021 22.476.017 13.681-9.681 24.305-22.655 24.808v.026l3.212.002c12.857 0 23.833 9.996 24.262 22.846.418 12.521-8.901 22.951-20.965 24.311v.153h9.233c13.065 0 23.704 10.592 23.704 23.657s-10.64 23.655-23.704 23.655l-81.314.066c-8.769 0-15.149 6.926-15.147 15.695v20.564c-20.308 0-40.217-7.785-52.782-23.74l-12.8-16.255a41.076 41.076 0 0 0-32.273-15.664H0\" style=\"stroke-width:15;stroke-linecap:round;stroke-linejoin:round;stroke-miterlimit:10;stroke-dasharray:none;stroke-opacity:1\" transform=\"translate(221.579 112.629)\" fill=\"none\" stroke=\"#962b1e\" stroke-width=\"15\" stroke-linecap=\"round\" stroke-linejoin=\"round\" stroke-miterlimit=\"10\" stroke-dasharray=\"none\" stroke-opacity=\"\" data-original=\"#000000\" opacity=\"1\"><\/path><path d=\"M0 0v35.644c0 21.343 7.159 42.11 20.5 58.771a47.508 47.508 0 0 0 1.592 1.906c13.642 15.261 21.937 35.405 21.937 57.487 0 30.604-15.931 57.954-39.953 73.276-6.441 4.109-14.884-.598-14.884-8.238v-59.091c0-17.376-14.086-31.463-31.462-31.463-17.376 0-31.463 14.087-31.463 31.463v59.091c0 7.64-8.443 12.347-14.884 8.238-24.021-15.321-39.952-42.672-39.952-73.276 0-22.082 8.294-42.226 21.937-57.487.441-.494.978-1.138 1.592-1.906 13.201-16.485 20.337-36.993 20.485-58.1h.007v-.313c0-.119.007-.238.007-.358\" style=\"stroke-width:15;stroke-linecap:round;stroke-linejoin:round;stroke-miterlimit:10;stroke-dasharray:none;stroke-opacity:1\" transform=\"translate(422.828 275.894)\" fill=\"none\" stroke=\"#962b1e\" stroke-width=\"15\" stroke-linecap=\"round\" stroke-linejoin=\"round\" stroke-miterlimit=\"10\" stroke-dasharray=\"none\" stroke-opacity=\"\" data-original=\"#000000\" opacity=\"1\"><\/path><path d=\"M0 0v-38.856c0-23.345 18.925-42.27 42.27-42.27h.001c23.345 0 42.27 18.925 42.27 42.27V6.962\" style=\"stroke-width:15;stroke-linecap:round;stroke-linejoin:round;stroke-miterlimit:10;stroke-dasharray:none;stroke-opacity:1\" transform=\"translate(338.288 88.626)\" fill=\"none\" stroke=\"#962b1e\" stroke-width=\"15\" stroke-linecap=\"round\" stroke-linejoin=\"round\" stroke-miterlimit=\"10\" stroke-dasharray=\"none\" stroke-opacity=\"\" data-original=\"#000000\" opacity=\"1\"><\/path><path d=\"M0 0v5.34c0 7.803-6.325 14.128-14.128 14.128S-28.256 13.143-28.256 5.34v-63.374\" style=\"stroke-width:15;stroke-linecap:round;stroke-linejoin:round;stroke-miterlimit:10;stroke-dasharray:none;stroke-opacity:1\" transform=\"translate(394.686 333.974)\" fill=\"none\" stroke=\"#962b1e\" stroke-width=\"15\" stroke-linecap=\"round\" stroke-linejoin=\"round\" stroke-miterlimit=\"10\" stroke-dasharray=\"none\" stroke-opacity=\"\" data-original=\"#000000\" opacity=\"1\"><\/path><path d=\"M0 0v22.97\" style=\"stroke-width:15;stroke-linecap:round;stroke-linejoin:round;stroke-miterlimit:10;stroke-dasharray:none;stroke-opacity:1\" transform=\"translate(394.686 275.918)\" fill=\"none\" stroke=\"#962b1e\" stroke-width=\"15\" stroke-linecap=\"round\" stroke-linejoin=\"round\" stroke-miterlimit=\"10\" stroke-dasharray=\"none\" stroke-opacity=\"\" data-original=\"#000000\" opacity=\"1\"><\/path><path d=\"M0 0v-34.972C0-42.774 6.326-49.1 14.128-49.1c7.803 0 14.128 6.326 14.128 14.128V-.224\" style=\"stroke-width:15;stroke-linecap:round;stroke-linejoin:round;stroke-miterlimit:10;stroke-dasharray:none;stroke-opacity:1\" transform=\"translate(366.43 86.94)\" fill=\"none\" stroke=\"#962b1e\" stroke-width=\"15\" stroke-linecap=\"round\" stroke-linejoin=\"round\" stroke-miterlimit=\"10\" stroke-dasharray=\"none\" stroke-opacity=\"\" data-original=\"#000000\" opacity=\"1\"><\/path><\/g><\/g><\/svg>\t\t\t<\/div>\n\t\t<\/div>\n\t\t\t\t\t\t<\/div>\n\t\t\t\t<\/div>\n\t\t\t\t<div class=\"elementor-element elementor-element-e83767a elementor-invisible elementor-widget elementor-widget-heading\" data-id=\"e83767a\" data-element_type=\"widget\" data-settings=\"{&quot;_animation&quot;:&quot;fadeInDown&quot;}\" data-widget_type=\"heading.default\">\n\t\t\t\t<div class=\"elementor-widget-container\">\n\t\t\t\t\t<p class=\"elementor-heading-title elementor-size-default\">Entretien de piscine et jardin<\/p>\t\t\t\t<\/div>\n\t\t\t\t<\/div>\n\t\t\t\t<div class=\"elementor-element elementor-element-da02581 elementor-invisible elementor-widget elementor-widget-text-editor\" data-id=\"da02581\" data-element_type=\"widget\" data-settings=\"{&quot;_animation&quot;:&quot;fadeInDown&quot;}\" data-widget_type=\"text-editor.default\">\n\t\t\t\t<div class=\"elementor-widget-container\">\n\t\t\t\t\t\t\t\t\t<p>Je propose des services d&#039;entretien de piscines et de jardins, garantissant que vos espaces ext\u00e9rieurs soient toujours dans un \u00e9tat optimal. Notre \u00e9quipe s&#039;occupe de tout, du m\u00e9nage au jardinage.<\/p>\t\t\t\t\t\t\t\t<\/div>\n\t\t\t\t<\/div>\n\t\t\t\t<\/div>\n\t\t<div class=\"elementor-element elementor-element-b192b90 e-con-full e-flex e-con e-child\" data-id=\"b192b90\" data-element_type=\"container\" data-settings=\"{&quot;background_background&quot;:&quot;classic&quot;}\">\n\t\t\t\t<div class=\"elementor-element elementor-element-ee42810 elementor-view-stacked elementor-shape-circle elementor-invisible elementor-widget elementor-widget-icon\" data-id=\"ee42810\" data-element_type=\"widget\" data-settings=\"{&quot;_animation&quot;:&quot;fadeInDown&quot;}\" data-widget_type=\"icon.default\">\n\t\t\t\t<div class=\"elementor-widget-container\">\n\t\t\t\t\t\t\t<div class=\"elementor-icon-wrapper\">\n\t\t\t<div class=\"elementor-icon\">\n\t\t\t<svg xmlns=\"http:\/\/www.w3.org\/2000\/svg\" xmlns:xlink=\"http:\/\/www.w3.org\/1999\/xlink\" width=\"512\" height=\"512\" x=\"0\" y=\"0\" viewbox=\"0 0 64 64\" style=\"enable-background:new 0 0 512 512\" xml:space=\"preserve\" class=\"\"><g><path d=\"M31.05 59.83a2.732 2.732 0 0 0 1.903 0c11.996-4.38 19.274-12.947 21.638-25.516.924-6.734.207-13.206.429-19.757a2.015 2.015 0 0 0-1.947-2.27c-6.497-.805-12.812-3.31-19.309-7.66a2.715 2.715 0 0 0-3.53.002c-6.495 4.348-12.81 6.853-19.297 7.657a2.02 2.02 0 0 0-1.957 2.27c.084 2.27.04 4.548-.005 6.96C7.653 38.714 13.83 53.748 31.05 59.83zM10.975 21.554c.044-2.332.09-4.744.004-7.06-.001-.219-.023-.193.194-.221 6.814-.844 13.413-3.455 20.171-7.98.583-.388.73-.387 1.31-.001 6.76 4.526 13.359 7.137 20.184 7.982.199.017.188.011.182.216-.225 6.521.487 12.929-.403 19.506-2.23 11.716-9.358 20.543-20.884 23.956-16.431-5.835-22.015-20.045-20.758-36.398z\" fill=\"#962b1e\" opacity=\"1\" data-original=\"#000000\" class=\"\"><\/path><path d=\"M39.306 50.92a1 1 0 0 0 1.405.16 26.309 26.309 0 0 0 7.972-10.698 1 1 0 0 0-1.849-.763 24.005 24.005 0 0 1-7.37 9.896 1 1 0 0 0-.158 1.405zM13.92 25a1 1 0 0 0 1.014-.987c.027-2.092.087-4.204.093-6.324a46.876 46.876 0 0 0 9.373-2.994 1 1 0 0 0-.8-1.832 44.642 44.642 0 0 1-9.755 3.019 1 1 0 0 0-.82.988c.009 1.572-.021 3.145-.05 4.721.15 1.09-.664 3.224.946 3.409zM23.04 35.878a2.144 2.144 0 0 0 1.842 1.033h5.116v5.928a2.16 2.16 0 0 0 4.081.985l6.96-13.592a2.172 2.172 0 0 0-1.921-3.143H34V21.16a2.16 2.16 0 0 0-4.08-.985l-6.96 13.592a2.144 2.144 0 0 0 .079 2.11zm8.661-14.79a.134.134 0 0 1 .179-.082.136.136 0 0 1 .121.155v6.928a1 1 0 0 0 1 1h6.117a.159.159 0 0 1 .141.231L32.3 42.912a.159.159 0 0 1-.3-.073v-6.928a1 1 0 0 0-1-1h-6.117a.159.159 0 0 1-.141-.231z\" fill=\"#962b1e\" opacity=\"1\" data-original=\"#000000\" class=\"\"><\/path><\/g><\/svg>\t\t\t<\/div>\n\t\t<\/div>\n\t\t\t\t\t\t<\/div>\n\t\t\t\t<\/div>\n\t\t\t\t<div class=\"elementor-element elementor-element-7ceb3a4 elementor-invisible elementor-widget elementor-widget-heading\" data-id=\"7ceb3a4\" data-element_type=\"widget\" data-settings=\"{&quot;_animation&quot;:&quot;fadeInDown&quot;}\" data-widget_type=\"heading.default\">\n\t\t\t\t<div class=\"elementor-widget-container\">\n\t\t\t\t\t<p class=\"elementor-heading-title elementor-size-default\">Travaux de ma\u00e7onnerie et d&#039;\u00e9lectricit\u00e9<\/p>\t\t\t\t<\/div>\n\t\t\t\t<\/div>\n\t\t\t\t<div class=\"elementor-element elementor-element-c42faca elementor-invisible elementor-widget elementor-widget-text-editor\" data-id=\"c42faca\" data-element_type=\"widget\" data-settings=\"{&quot;_animation&quot;:&quot;fadeInDown&quot;}\" data-widget_type=\"text-editor.default\">\n\t\t\t\t<div class=\"elementor-widget-container\">\n\t\t\t\t\t\t\t\t\t<p>J&#039;effectue des travaux de ma\u00e7onnerie et d&#039;\u00e9lectricit\u00e9, en veillant \u00e0 ce que tout projet d&#039;am\u00e9lioration ou de r\u00e9paration soit r\u00e9alis\u00e9 avec la plus haute qualit\u00e9 et professionnalisme.<\/p>\t\t\t\t\t\t\t\t<\/div>\n\t\t\t\t<\/div>\n\t\t\t\t<\/div>\n\t\t<div class=\"elementor-element elementor-element-b599a21 e-con-full e-flex e-con e-child\" data-id=\"b599a21\" data-element_type=\"container\" data-settings=\"{&quot;background_background&quot;:&quot;classic&quot;}\">\n\t\t\t\t<div class=\"elementor-element elementor-element-4d45247 elementor-view-stacked elementor-shape-circle elementor-invisible elementor-widget elementor-widget-icon\" data-id=\"4d45247\" data-element_type=\"widget\" data-settings=\"{&quot;_animation&quot;:&quot;fadeInDown&quot;}\" data-widget_type=\"icon.default\">\n\t\t\t\t<div class=\"elementor-widget-container\">\n\t\t\t\t\t\t\t<div class=\"elementor-icon-wrapper\">\n\t\t\t<div class=\"elementor-icon\">\n\t\t\t<svg xmlns=\"http:\/\/www.w3.org\/2000\/svg\" xmlns:xlink=\"http:\/\/www.w3.org\/1999\/xlink\" width=\"512\" height=\"512\" x=\"0\" y=\"0\" viewbox=\"0 0 64 64\" style=\"enable-background:new 0 0 512 512\" xml:space=\"preserve\" class=\"\"><g><path d=\"M1.16 58.47a.98.98 0 0 0 .03 1.11c.19.27.5.43.82.43.07 0 .14 0 .22-.02l9.19-2.04c2.65 1.35 5.62 2.06 8.6 2.06 10.37 0 18.82-8.36 18.98-18.7 4.5 1.22 9.43.76 13.61-1.36l9.19 2.03c.07.02.14.02.22.02.32 0 .63-.16.82-.43.23-.33.24-.77.03-1.11l-3.75-5.93a19.01 19.01 0 0 0 3.9-11.54c0-10.48-8.52-19-19-19S25.2 12.35 25.04 22.68c-1.6-.44-3.28-.69-5.02-.69C9.52 22 1 30.52 1 41c0 4.17 1.38 8.24 3.91 11.54zM44 6c9.37 0 17 7.63 17 17 0 3.95-1.38 7.8-3.9 10.83-.28.33-.31.81-.08 1.17l2.85 4.5-7.2-1.59c-.23-.05-.48-.02-.69.09-3.99 2.12-8.8 2.53-13.08 1.19-.68-7.21-5.42-13.26-11.9-15.84 0-.12-.01-.24-.01-.36 0-9.37 7.63-17 17-17zM3 41c0-9.37 7.63-17 17-17s17 7.63 17 17-7.63 17-17 17c-2.78 0-5.54-.69-7.99-2a.995.995 0 0 0-.47-.12c-.07 0-.15 0-.22.02l-7.19 1.59 2.85-4.5c.23-.37.2-.84-.07-1.17-2.52-3.04-3.9-6.89-3.9-10.84z\" fill=\"#962b1e\" opacity=\"1\" data-original=\"#000000\"><\/path><circle cx=\"20\" cy=\"48.5\" r=\"1.5\" fill=\"#962b1e\" opacity=\"1\" data-original=\"#000000\"><\/circle><path d=\"M20 33c1.65 0 3 1.35 3 3s-1.35 3-3 3c-.55 0-1 .45-1 1v5h2v-4.1a5 5 0 1 0-6-4.9h2c0-1.65 1.35-3 3-3zM36 16h16v2H36zM36 22h16v2H36zM40 28h12v2H40z\" fill=\"#962b1e\" opacity=\"1\" data-original=\"#000000\"><\/path><\/g><\/svg>\t\t\t<\/div>\n\t\t<\/div>\n\t\t\t\t\t\t<\/div>\n\t\t\t\t<\/div>\n\t\t\t\t<div class=\"elementor-element elementor-element-332d639 elementor-invisible elementor-widget elementor-widget-heading\" data-id=\"332d639\" data-element_type=\"widget\" data-settings=\"{&quot;_animation&quot;:&quot;fadeInDown&quot;}\" data-widget_type=\"heading.default\">\n\t\t\t\t<div class=\"elementor-widget-container\">\n\t\t\t\t\t<p class=\"elementor-heading-title elementor-size-default\">Conseils personnalis\u00e9s<\/p>\t\t\t\t<\/div>\n\t\t\t\t<\/div>\n\t\t\t\t<div class=\"elementor-element elementor-element-2af4aaa elementor-invisible elementor-widget elementor-widget-text-editor\" data-id=\"2af4aaa\" data-element_type=\"widget\" data-settings=\"{&quot;_animation&quot;:&quot;fadeInDown&quot;}\" data-widget_type=\"text-editor.default\">\n\t\t\t\t<div class=\"elementor-widget-container\">\n\t\t\t\t\t\t\t\t\t<p>Je vous apporte des conseils personnalis\u00e9s pour vous guider dans toute gestion que vous devez effectuer. Je suis toujours pr\u00eat \u00e0 r\u00e9pondre \u00e0 vos questions et \u00e0 vous proposer des solutions adapt\u00e9es \u00e0 vos besoins.<\/p>\t\t\t\t\t\t\t\t<\/div>\n\t\t\t\t<\/div>\n\t\t\t\t<\/div>\n\t\t\t\t<\/div>\n\t\t\t\t\t<\/div>\n\t\t\t\t<\/div>\n\t\t<div class=\"elementor-element elementor-element-f509118 e-flex e-con-boxed e-con e-parent\" data-id=\"f509118\" data-element_type=\"container\" data-settings=\"{&quot;background_background&quot;:&quot;classic&quot;}\">\n\t\t\t\t\t<div class=\"e-con-inner\">\n\t\t<div class=\"elementor-element elementor-element-acd78e4 e-con-full e-flex e-con e-child\" data-id=\"acd78e4\" data-element_type=\"container\">\n\t\t<div class=\"elementor-element elementor-element-d87bd50 e-con-full e-flex e-con e-child\" data-id=\"d87bd50\" data-element_type=\"container\">\n\t\t\t\t<div class=\"elementor-element elementor-element-b6d03d8 elementor-invisible elementor-widget elementor-widget-text-editor\" data-id=\"b6d03d8\" data-element_type=\"widget\" data-settings=\"{&quot;_animation&quot;:&quot;fadeInDown&quot;}\" data-widget_type=\"text-editor.default\">\n\t\t\t\t<div class=\"elementor-widget-container\">\n\t\t\t\t\t\t\t\t\t<p>Chez VMC Services, je m&#039;engage \u00e0 vous offrir un service de gestion et de d\u00e9marches administratives efficace et sans tracas. Si vous recherchez un alli\u00e9 fiable pour vous aider \u00e0 g\u00e9rer efficacement la bureaucratie, n&#039;h\u00e9sitez pas \u00e0 me contacter. Je suis l\u00e0 pour vous faciliter la vie !<\/p>\t\t\t\t\t\t\t\t<\/div>\n\t\t\t\t<\/div>\n\t\t\t\t<\/div>\n\t\t\t\t<\/div>\n\t\t\t\t\t<\/div>\n\t\t\t\t<\/div>\n\t\t\t\t<\/div>","protected":false},"excerpt":{"rendered":"<p>Simplifier la bureaucratie avec mes d\u00e9marches administratives Accueil Services Chez VMC Services, je suis en charge de simplifier la bureaucratie et de faciliter les d\u00e9marches administratives dont vous pourriez avoir besoin. Mon objectif est de vous faire gagner du temps et des efforts, en vous fournissant un service complet qui couvre tous vos besoins administratifs avec un maximum d\u2019efficacit\u00e9 et de professionnalisme. Que propose ma direction [\u2026]<\/p>","protected":false},"author":1,"featured_media":0,"parent":189,"menu_order":0,"comment_status":"closed","ping_status":"closed","template":"","meta":{"footnotes":""},"class_list":["post-207","page","type-page","status-publish","hentry"],"_links":{"self":[{"href":"https:\/\/www.vmcservices.cat\/fr\/wp-json\/wp\/v2\/pages\/207","targetHints":{"allow":["GET"]}}],"collection":[{"href":"https:\/\/www.vmcservices.cat\/fr\/wp-json\/wp\/v2\/pages"}],"about":[{"href":"https:\/\/www.vmcservices.cat\/fr\/wp-json\/wp\/v2\/types\/page"}],"author":[{"embeddable":true,"href":"https:\/\/www.vmcservices.cat\/fr\/wp-json\/wp\/v2\/users\/1"}],"replies":[{"embeddable":true,"href":"https:\/\/www.vmcservices.cat\/fr\/wp-json\/wp\/v2\/comments?post=207"}],"version-history":[{"count":40,"href":"https:\/\/www.vmcservices.cat\/fr\/wp-json\/wp\/v2\/pages\/207\/revisions"}],"predecessor-version":[{"id":2257,"href":"https:\/\/www.vmcservices.cat\/fr\/wp-json\/wp\/v2\/pages\/207\/revisions\/2257"}],"up":[{"embeddable":true,"href":"https:\/\/www.vmcservices.cat\/fr\/wp-json\/wp\/v2\/pages\/189"}],"wp:attachment":[{"href":"https:\/\/www.vmcservices.cat\/fr\/wp-json\/wp\/v2\/media?parent=207"}],"curies":[{"name":"wp","href":"https:\/\/api.w.org\/{rel}","templated":true}]}}