{"id":205,"date":"2024-11-05T15:33:26","date_gmt":"2024-11-05T15:33:26","guid":{"rendered":"http:\/\/www.vmcservices.cat\/?page_id=205"},"modified":"2024-11-19T15:54:24","modified_gmt":"2024-11-19T15:54:24","slug":"seguros","status":"publish","type":"page","link":"https:\/\/www.vmcservices.cat\/fr\/servicios\/seguros\/","title":{"rendered":"Assurance"},"content":{"rendered":"<div data-elementor-type=\"wp-page\" data-elementor-id=\"205\" class=\"elementor elementor-205\" data-elementor-post-type=\"page\">\n\t\t\t\t<div class=\"elementor-element elementor-element-4ac0792 e-flex e-con-boxed e-con e-parent\" data-id=\"4ac0792\" data-element_type=\"container\" data-settings=\"{&quot;background_background&quot;:&quot;classic&quot;}\">\n\t\t\t\t\t<div class=\"e-con-inner\">\n\t\t\t\t<div class=\"elementor-element elementor-element-2f6797d elementor-invisible elementor-widget elementor-widget-heading\" data-id=\"2f6797d\" data-element_type=\"widget\" data-settings=\"{&quot;_animation&quot;:&quot;fadeInDown&quot;}\" data-widget_type=\"heading.default\">\n\t\t\t\t<div class=\"elementor-widget-container\">\n\t\t\t\t\t<h1 class=\"elementor-heading-title elementor-size-default\">Prot\u00e9gez-vous avec la meilleure assurance de VMC Services<\/h1>\t\t\t\t<\/div>\n\t\t\t\t<\/div>\n\t\t\t\t<div class=\"elementor-element elementor-element-eb488f1 elementor-icon-list--layout-inline elementor-align-center elementor-hidden-mobile elementor-list-item-link-full_width elementor-invisible elementor-widget elementor-widget-icon-list\" data-id=\"eb488f1\" data-element_type=\"widget\" data-settings=\"{&quot;_animation&quot;:&quot;fadeInDown&quot;}\" data-widget_type=\"icon-list.default\">\n\t\t\t\t<div class=\"elementor-widget-container\">\n\t\t\t\t\t\t\t<ul class=\"elementor-icon-list-items elementor-inline-items\">\n\t\t\t\t\t\t\t<li class=\"elementor-icon-list-item elementor-inline-item\">\n\t\t\t\t\t\t\t\t\t\t\t<a href=\"https:\/\/www.vmcservices.cat\/fr\">\n\n\t\t\t\t\t\t\t\t\t\t\t<span class=\"elementor-icon-list-text\">Maison<\/span>\n\t\t\t\t\t\t\t\t\t\t\t<\/a>\n\t\t\t\t\t\t\t\t\t<\/li>\n\t\t\t\t\t\t\t\t<li class=\"elementor-icon-list-item elementor-inline-item\">\n\t\t\t\t\t\t\t\t\t\t\t<a href=\"https:\/\/www.vmcservices.cat\/fr\/servicios\/\">\n\n\t\t\t\t\t\t\t\t\t\t\t\t<span class=\"elementor-icon-list-icon\">\n\t\t\t\t\t\t\t<i aria-hidden=\"true\" class=\"icon icon-right-arrow\"><\/i>\t\t\t\t\t\t<\/span>\n\t\t\t\t\t\t\t\t\t\t<span class=\"elementor-icon-list-text\">Services<\/span>\n\t\t\t\t\t\t\t\t\t\t\t<\/a>\n\t\t\t\t\t\t\t\t\t<\/li>\n\t\t\t\t\t\t\t\t<li class=\"elementor-icon-list-item elementor-inline-item\">\n\t\t\t\t\t\t\t\t\t\t\t<span class=\"elementor-icon-list-icon\">\n\t\t\t\t\t\t\t<i aria-hidden=\"true\" class=\"icon icon-right-arrow\"><\/i>\t\t\t\t\t\t<\/span>\n\t\t\t\t\t\t\t\t\t\t<span class=\"elementor-icon-list-text\">Assurance<\/span>\n\t\t\t\t\t\t\t\t\t<\/li>\n\t\t\t\t\t\t<\/ul>\n\t\t\t\t\t\t<\/div>\n\t\t\t\t<\/div>\n\t\t\t\t\t<\/div>\n\t\t\t\t<\/div>\n\t\t<div class=\"elementor-element elementor-element-1eaa213 e-flex e-con-boxed e-con e-parent\" data-id=\"1eaa213\" data-element_type=\"container\" data-settings=\"{&quot;background_background&quot;:&quot;classic&quot;}\">\n\t\t\t\t\t<div class=\"e-con-inner\">\n\t\t<div class=\"elementor-element elementor-element-24dee9a e-con-full e-flex e-con e-child\" data-id=\"24dee9a\" data-element_type=\"container\">\n\t\t<div class=\"elementor-element elementor-element-c5b20df e-con-full e-flex e-con e-child\" data-id=\"c5b20df\" data-element_type=\"container\">\n\t\t\t\t<div class=\"elementor-element elementor-element-186277f elementor-invisible elementor-widget elementor-widget-text-editor\" data-id=\"186277f\" data-element_type=\"widget\" data-settings=\"{&quot;_animation&quot;:&quot;fadeInDown&quot;}\" data-widget_type=\"text-editor.default\">\n\t\t\t\t<div class=\"elementor-widget-container\">\n\t\t\t\t\t\t\t\t\t<p>Chez VMC Services, je propose une grande vari\u00e9t\u00e9 d&#039;assurances con\u00e7ues pour vous offrir la tranquillit\u00e9 d&#039;esprit dont vous avez besoin, peu importe votre profil ou votre situation. Je m&#039;adapte aux besoins des particuliers, des entreprises et des ind\u00e9pendants en proposant des produits personnalis\u00e9s et de qualit\u00e9. Ci-dessous, je vous pr\u00e9sente un r\u00e9capitulatif des assurances que je mets \u00e0 votre disposition.<\/p>\t\t\t\t\t\t\t\t<\/div>\n\t\t\t\t<\/div>\n\t\t\t\t<\/div>\n\t\t\t\t<\/div>\n\t\t\t\t\t<\/div>\n\t\t\t\t<\/div>\n\t\t<div class=\"elementor-element elementor-element-a21e074 e-flex e-con-boxed e-con e-parent\" data-id=\"a21e074\" data-element_type=\"container\" data-settings=\"{&quot;background_background&quot;:&quot;classic&quot;}\">\n\t\t\t\t\t<div class=\"e-con-inner\">\n\t\t<div class=\"elementor-element elementor-element-bec4020 e-con-full e-flex e-con e-child\" data-id=\"bec4020\" data-element_type=\"container\">\n\t\t<div class=\"elementor-element elementor-element-09d0ce2 e-con-full e-flex e-con e-child\" data-id=\"09d0ce2\" data-element_type=\"container\">\n\t\t\t\t<div class=\"elementor-element elementor-element-4bf08ff elementor-invisible elementor-widget elementor-widget-heading\" data-id=\"4bf08ff\" data-element_type=\"widget\" data-settings=\"{&quot;_animation&quot;:&quot;fadeInDown&quot;}\" data-widget_type=\"heading.default\">\n\t\t\t\t<div class=\"elementor-widget-container\">\n\t\t\t\t\t<h2 class=\"elementor-heading-title elementor-size-default\">Quelle assurance puis-je proposer ?<\/h2>\t\t\t\t<\/div>\n\t\t\t\t<\/div>\n\t\t\t\t<\/div>\n\t\t\t\t<\/div>\n\t\t<div class=\"elementor-element elementor-element-4f54581 e-grid e-con-full e-con e-child\" data-id=\"4f54581\" data-element_type=\"container\">\n\t\t<div class=\"elementor-element elementor-element-788f2d1 e-con-full e-flex e-con e-child\" data-id=\"788f2d1\" data-element_type=\"container\" data-settings=\"{&quot;background_background&quot;:&quot;classic&quot;}\">\n\t\t<div class=\"elementor-element elementor-element-6c5ee8a e-con-full e-flex e-con e-child\" data-id=\"6c5ee8a\" data-element_type=\"container\">\n\t\t\t\t<div class=\"elementor-element elementor-element-fcb307d elementor-invisible elementor-widget elementor-widget-image\" data-id=\"fcb307d\" data-element_type=\"widget\" data-settings=\"{&quot;_animation&quot;:&quot;fadeInDown&quot;}\" data-widget_type=\"image.default\">\n\t\t\t\t<div class=\"elementor-widget-container\">\n\t\t\t\t\t\t\t\t\t\t\t\t\t\t\t<img fetchpriority=\"high\" decoding=\"async\" width=\"800\" height=\"450\" src=\"https:\/\/www.vmcservices.cat\/wp-content\/uploads\/2024\/11\/26.-hogar-1024x576.jpg\" class=\"attachment-large size-large wp-image-872\" alt=\"\" srcset=\"https:\/\/www.vmcservices.cat\/wp-content\/uploads\/2024\/11\/26.-hogar-1024x576.jpg 1024w, https:\/\/www.vmcservices.cat\/wp-content\/uploads\/2024\/11\/26.-hogar-300x169.jpg 300w, https:\/\/www.vmcservices.cat\/wp-content\/uploads\/2024\/11\/26.-hogar-768x432.jpg 768w, https:\/\/www.vmcservices.cat\/wp-content\/uploads\/2024\/11\/26.-hogar-1536x864.jpg 1536w, https:\/\/www.vmcservices.cat\/wp-content\/uploads\/2024\/11\/26.-hogar.jpg 1920w\" sizes=\"(max-width: 800px) 100vw, 800px\" \/>\t\t\t\t\t\t\t\t\t\t\t\t\t\t\t<\/div>\n\t\t\t\t<\/div>\n\t\t\t\t<div class=\"elementor-element elementor-element-a649846 elementor-invisible elementor-widget elementor-widget-heading\" data-id=\"a649846\" data-element_type=\"widget\" data-settings=\"{&quot;_animation&quot;:&quot;fadeInDown&quot;}\" data-widget_type=\"heading.default\">\n\t\t\t\t<div class=\"elementor-widget-container\">\n\t\t\t\t\t<h3 class=\"elementor-heading-title elementor-size-default\">Assurance pour les particuliers<\/h3>\t\t\t\t<\/div>\n\t\t\t\t<\/div>\n\t\t\t\t<div class=\"elementor-element elementor-element-e3d6cf7 elementor-invisible elementor-widget elementor-widget-text-editor\" data-id=\"e3d6cf7\" data-element_type=\"widget\" data-settings=\"{&quot;_animation&quot;:&quot;fadeInDown&quot;}\" data-widget_type=\"text-editor.default\">\n\t\t\t\t<div class=\"elementor-widget-container\">\n\t\t\t\t\t\t\t\t\t<p>Mon assurance pour particuliers est con\u00e7ue pour prot\u00e9ger ce qui compte le plus pour vous : votre logement, votre sant\u00e9, votre famille et votre avenir. J&#039;offre une couverture habitation, une assurance maladie, une assurance vie, une assurance v\u00e9hicule et plus encore. Je vous conseille de choisir l&#039;assurance la mieux adapt\u00e9e \u00e0 vos besoins, garantissant ainsi votre tranquillit\u00e9 d&#039;esprit \u00e0 tout moment.<\/p>\t\t\t\t\t\t\t\t<\/div>\n\t\t\t\t<\/div>\n\t\t\t\t<\/div>\n\t\t\t\t<div class=\"elementor-element elementor-element-2c0008d elementor-align-justify elementor-invisible elementor-widget elementor-widget-button\" data-id=\"2c0008d\" data-element_type=\"widget\" data-settings=\"{&quot;_animation&quot;:&quot;fadeInDown&quot;}\" data-widget_type=\"button.default\">\n\t\t\t\t<div class=\"elementor-widget-container\">\n\t\t\t\t\t\t\t\t\t<div class=\"elementor-button-wrapper\">\n\t\t\t\t\t<a class=\"elementor-button elementor-button-link elementor-size-sm\" href=\"https:\/\/www.vmcservices.cat\/fr\/servicios\/seguros\/seguros-para-particulares\/\">\n\t\t\t\t\t\t<span class=\"elementor-button-content-wrapper\">\n\t\t\t\t\t\t\t\t\t<span class=\"elementor-button-text\">Voir plus<\/span>\n\t\t\t\t\t<\/span>\n\t\t\t\t\t<\/a>\n\t\t\t\t<\/div>\n\t\t\t\t\t\t\t\t<\/div>\n\t\t\t\t<\/div>\n\t\t\t\t<\/div>\n\t\t<div class=\"elementor-element elementor-element-b8d9126 e-con-full e-flex e-con e-child\" data-id=\"b8d9126\" data-element_type=\"container\" data-settings=\"{&quot;background_background&quot;:&quot;classic&quot;}\">\n\t\t<div class=\"elementor-element elementor-element-f997e9b e-con-full e-flex e-con e-child\" data-id=\"f997e9b\" data-element_type=\"container\">\n\t\t\t\t<div class=\"elementor-element elementor-element-0e84389 elementor-invisible elementor-widget elementor-widget-image\" data-id=\"0e84389\" data-element_type=\"widget\" data-settings=\"{&quot;_animation&quot;:&quot;fadeInDown&quot;}\" data-widget_type=\"image.default\">\n\t\t\t\t<div class=\"elementor-widget-container\">\n\t\t\t\t\t\t\t\t\t\t\t\t\t\t\t<img decoding=\"async\" width=\"800\" height=\"450\" src=\"https:\/\/www.vmcservices.cat\/wp-content\/uploads\/2024\/11\/46.-seguros-empresas-1024x576.jpg\" class=\"attachment-large size-large wp-image-907\" alt=\"\" srcset=\"https:\/\/www.vmcservices.cat\/wp-content\/uploads\/2024\/11\/46.-seguros-empresas-1024x576.jpg 1024w, https:\/\/www.vmcservices.cat\/wp-content\/uploads\/2024\/11\/46.-seguros-empresas-300x169.jpg 300w, https:\/\/www.vmcservices.cat\/wp-content\/uploads\/2024\/11\/46.-seguros-empresas-768x432.jpg 768w, https:\/\/www.vmcservices.cat\/wp-content\/uploads\/2024\/11\/46.-seguros-empresas-1536x864.jpg 1536w, https:\/\/www.vmcservices.cat\/wp-content\/uploads\/2024\/11\/46.-seguros-empresas.jpg 1920w\" sizes=\"(max-width: 800px) 100vw, 800px\" \/>\t\t\t\t\t\t\t\t\t\t\t\t\t\t\t<\/div>\n\t\t\t\t<\/div>\n\t\t\t\t<div class=\"elementor-element elementor-element-404da76 elementor-invisible elementor-widget elementor-widget-heading\" data-id=\"404da76\" data-element_type=\"widget\" data-settings=\"{&quot;_animation&quot;:&quot;fadeInDown&quot;}\" data-widget_type=\"heading.default\">\n\t\t\t\t<div class=\"elementor-widget-container\">\n\t\t\t\t\t<h3 class=\"elementor-heading-title elementor-size-default\">Assurance pour les entreprises<\/h3>\t\t\t\t<\/div>\n\t\t\t\t<\/div>\n\t\t\t\t<div class=\"elementor-element elementor-element-cd75430 elementor-invisible elementor-widget elementor-widget-text-editor\" data-id=\"cd75430\" data-element_type=\"widget\" data-settings=\"{&quot;_animation&quot;:&quot;fadeInDown&quot;}\" data-widget_type=\"text-editor.default\">\n\t\t\t\t<div class=\"elementor-widget-container\">\n\t\t\t\t\t\t\t\t\t<div class=\"flex max-w-full flex-col flex-grow\"><div class=\"min-h-8 text-message flex w-full flex-col items-end gap-2 whitespace-normal break-words [.text-message+&amp;]:mt-5\" dir=\"auto\" data-message-author-role=\"assistant\" data-message-id=\"f82c9a29-9391-420e-bf30-b967e9d4eec1\" data-message-model-slug=\"gpt-4o-mini\"><div class=\"flex w-full flex-col gap-1 empty:hidden first:pt-[3px]\"><div class=\"markdown prose w-full break-words dark:prose-invert light\"><p>Pour les entreprises de toutes tailles, chez VMC Services je propose une assurance adapt\u00e9e qui couvre tout, de la responsabilit\u00e9 civile aux risques sp\u00e9cifiques \u00e0 chaque secteur. Je suis en charge de prot\u00e9ger votre entreprise, vos actifs et votre \u00e9quipe, en proposant des solutions qui garantissent la continuit\u00e9 de votre entreprise contre tout \u00e9v\u00e9nement impr\u00e9vu.<\/p><\/div><\/div><\/div><\/div>\t\t\t\t\t\t\t\t<\/div>\n\t\t\t\t<\/div>\n\t\t\t\t<\/div>\n\t\t\t\t<div class=\"elementor-element elementor-element-2379cd5 elementor-align-justify elementor-invisible elementor-widget elementor-widget-button\" data-id=\"2379cd5\" data-element_type=\"widget\" data-settings=\"{&quot;_animation&quot;:&quot;fadeInDown&quot;}\" data-widget_type=\"button.default\">\n\t\t\t\t<div class=\"elementor-widget-container\">\n\t\t\t\t\t\t\t\t\t<div class=\"elementor-button-wrapper\">\n\t\t\t\t\t<a class=\"elementor-button elementor-button-link elementor-size-sm\" href=\"https:\/\/www.vmcservices.cat\/fr\/servicios\/administracion-de-comunidades\/\">\n\t\t\t\t\t\t<span class=\"elementor-button-content-wrapper\">\n\t\t\t\t\t\t\t\t\t<span class=\"elementor-button-text\">Voir plus<\/span>\n\t\t\t\t\t<\/span>\n\t\t\t\t\t<\/a>\n\t\t\t\t<\/div>\n\t\t\t\t\t\t\t\t<\/div>\n\t\t\t\t<\/div>\n\t\t\t\t<\/div>\n\t\t<div class=\"elementor-element elementor-element-e1dc01e e-con-full e-flex e-con e-child\" data-id=\"e1dc01e\" data-element_type=\"container\" data-settings=\"{&quot;background_background&quot;:&quot;classic&quot;}\">\n\t\t<div class=\"elementor-element elementor-element-842fb0a e-con-full e-flex e-con e-child\" data-id=\"842fb0a\" data-element_type=\"container\">\n\t\t\t\t<div class=\"elementor-element elementor-element-26634c8 elementor-invisible elementor-widget elementor-widget-image\" data-id=\"26634c8\" data-element_type=\"widget\" data-settings=\"{&quot;_animation&quot;:&quot;fadeIn&quot;}\" data-widget_type=\"image.default\">\n\t\t\t\t<div class=\"elementor-widget-container\">\n\t\t\t\t\t\t\t\t\t\t\t\t\t\t\t<img decoding=\"async\" width=\"800\" height=\"450\" src=\"https:\/\/www.vmcservices.cat\/wp-content\/uploads\/2024\/11\/19.-seguros-autonomos-1024x576.jpg\" class=\"attachment-large size-large wp-image-909\" alt=\"\" srcset=\"https:\/\/www.vmcservices.cat\/wp-content\/uploads\/2024\/11\/19.-seguros-autonomos-1024x576.jpg 1024w, https:\/\/www.vmcservices.cat\/wp-content\/uploads\/2024\/11\/19.-seguros-autonomos-300x169.jpg 300w, https:\/\/www.vmcservices.cat\/wp-content\/uploads\/2024\/11\/19.-seguros-autonomos-768x432.jpg 768w, https:\/\/www.vmcservices.cat\/wp-content\/uploads\/2024\/11\/19.-seguros-autonomos-1536x864.jpg 1536w, https:\/\/www.vmcservices.cat\/wp-content\/uploads\/2024\/11\/19.-seguros-autonomos.jpg 1920w\" sizes=\"(max-width: 800px) 100vw, 800px\" \/>\t\t\t\t\t\t\t\t\t\t\t\t\t\t\t<\/div>\n\t\t\t\t<\/div>\n\t\t\t\t<div class=\"elementor-element elementor-element-106d536 elementor-invisible elementor-widget elementor-widget-heading\" data-id=\"106d536\" data-element_type=\"widget\" data-settings=\"{&quot;_animation&quot;:&quot;fadeInDown&quot;}\" data-widget_type=\"heading.default\">\n\t\t\t\t<div class=\"elementor-widget-container\">\n\t\t\t\t\t<h3 class=\"elementor-heading-title elementor-size-default\">Assurance pour les travailleurs ind\u00e9pendants<\/h3>\t\t\t\t<\/div>\n\t\t\t\t<\/div>\n\t\t\t\t<div class=\"elementor-element elementor-element-c22567e elementor-invisible elementor-widget elementor-widget-text-editor\" data-id=\"c22567e\" data-element_type=\"widget\" data-settings=\"{&quot;_animation&quot;:&quot;fadeInDown&quot;}\" data-widget_type=\"text-editor.default\">\n\t\t\t\t<div class=\"elementor-widget-container\">\n\t\t\t\t\t\t\t\t\t<div class=\"flex max-w-full flex-col flex-grow\"><div class=\"min-h-8 text-message flex w-full flex-col items-end gap-2 whitespace-normal break-words [.text-message+&amp;]:mt-5\" dir=\"auto\" data-message-author-role=\"assistant\" data-message-id=\"8ba16c8a-4658-48d0-9983-db47f71c1357\" data-message-model-slug=\"gpt-4o-mini\"><div class=\"flex w-full flex-col gap-1 empty:hidden first:pt-[3px]\"><div class=\"markdown prose w-full break-words dark:prose-invert light\"><p>Je comprends que les travailleurs autonomes sont confront\u00e9s \u00e0 des d\u00e9fis uniques, c&#039;est pourquoi je propose une assurance con\u00e7ue pour r\u00e9pondre \u00e0 vos besoins sp\u00e9cifiques. De l&#039;assurance responsabilit\u00e9 civile \u00e0 l&#039;assurance maladie en passant par la protection du revenu, je vous aide \u00e0 prendre soin de votre entreprise et de votre bien-\u00eatre personnel pendant que vous faites ce que vous faites de mieux.<\/p><\/div><\/div><\/div><\/div>\t\t\t\t\t\t\t\t<\/div>\n\t\t\t\t<\/div>\n\t\t\t\t<\/div>\n\t\t\t\t<div class=\"elementor-element elementor-element-c74e8a2 elementor-align-justify elementor-invisible elementor-widget elementor-widget-button\" data-id=\"c74e8a2\" data-element_type=\"widget\" data-settings=\"{&quot;_animation&quot;:&quot;fadeInDown&quot;}\" data-widget_type=\"button.default\">\n\t\t\t\t<div class=\"elementor-widget-container\">\n\t\t\t\t\t\t\t\t\t<div class=\"elementor-button-wrapper\">\n\t\t\t\t\t<a class=\"elementor-button elementor-button-link elementor-size-sm\" href=\"https:\/\/www.vmcservices.cat\/fr\/servicios\/administracion-de-comunidades\/\">\n\t\t\t\t\t\t<span class=\"elementor-button-content-wrapper\">\n\t\t\t\t\t\t\t\t\t<span class=\"elementor-button-text\">Voir plus<\/span>\n\t\t\t\t\t<\/span>\n\t\t\t\t\t<\/a>\n\t\t\t\t<\/div>\n\t\t\t\t\t\t\t\t<\/div>\n\t\t\t\t<\/div>\n\t\t\t\t<\/div>\n\t\t\t\t<\/div>\n\t\t\t\t\t<\/div>\n\t\t\t\t<\/div>\n\t\t<div class=\"elementor-element elementor-element-c1ebe7b e-flex e-con-boxed e-con e-parent\" data-id=\"c1ebe7b\" data-element_type=\"container\" data-settings=\"{&quot;background_background&quot;:&quot;classic&quot;}\">\n\t\t\t\t\t<div class=\"e-con-inner\">\n\t\t<div class=\"elementor-element elementor-element-0279c03 e-con-full e-flex e-con e-child\" data-id=\"0279c03\" data-element_type=\"container\">\n\t\t<div class=\"elementor-element elementor-element-2188f7c e-con-full e-flex e-con e-child\" data-id=\"2188f7c\" data-element_type=\"container\">\n\t\t\t\t<div class=\"elementor-element elementor-element-a513630 elementor-invisible elementor-widget elementor-widget-text-editor\" data-id=\"a513630\" data-element_type=\"widget\" data-settings=\"{&quot;_animation&quot;:&quot;fadeInDown&quot;}\" data-widget_type=\"text-editor.default\">\n\t\t\t\t<div class=\"elementor-widget-container\">\n\t\t\t\t\t\t\t\t\t<p>Chez VMC Services, je m&#039;engage \u00e0 vous offrir les meilleures options d&#039;assurance sur le march\u00e9, adapt\u00e9es \u00e0 vos besoins et \u00e0 votre budget. Contactez-moi pour recevoir des conseils personnalis\u00e9s et d\u00e9couvrir comment je peux vous aider \u00e0 prot\u00e9ger ce qui vous tient le plus \u00e0 c\u0153ur. Votre tranquillit\u00e9 d&#039;esprit est ma priorit\u00e9 !<\/p>\t\t\t\t\t\t\t\t<\/div>\n\t\t\t\t<\/div>\n\t\t\t\t<\/div>\n\t\t\t\t<\/div>\n\t\t\t\t\t<\/div>\n\t\t\t\t<\/div>\n\t\t\t\t<\/div>","protected":false},"excerpt":{"rendered":"<p>Prot\u00e9gez-vous avec les meilleures assurances de VMC Services Services \u00e0 domicile Chez VMC Services, je vous propose une grande vari\u00e9t\u00e9 de polices d\u2019assurance con\u00e7ues pour vous donner la tranquillit\u00e9 d\u2019esprit dont vous avez besoin, peu importe votre profil ou votre situation. Je m&#039;adapte aux besoins des particuliers, des entreprises et des ind\u00e9pendants, en proposant des produits personnalis\u00e9s et de qualit\u00e9. \u00c0 [\u2026]<\/p>","protected":false},"author":1,"featured_media":0,"parent":189,"menu_order":0,"comment_status":"closed","ping_status":"closed","template":"","meta":{"footnotes":""},"class_list":["post-205","page","type-page","status-publish","hentry"],"_links":{"self":[{"href":"https:\/\/www.vmcservices.cat\/fr\/wp-json\/wp\/v2\/pages\/205","targetHints":{"allow":["GET"]}}],"collection":[{"href":"https:\/\/www.vmcservices.cat\/fr\/wp-json\/wp\/v2\/pages"}],"about":[{"href":"https:\/\/www.vmcservices.cat\/fr\/wp-json\/wp\/v2\/types\/page"}],"author":[{"embeddable":true,"href":"https:\/\/www.vmcservices.cat\/fr\/wp-json\/wp\/v2\/users\/1"}],"replies":[{"embeddable":true,"href":"https:\/\/www.vmcservices.cat\/fr\/wp-json\/wp\/v2\/comments?post=205"}],"version-history":[{"count":58,"href":"https:\/\/www.vmcservices.cat\/fr\/wp-json\/wp\/v2\/pages\/205\/revisions"}],"predecessor-version":[{"id":1961,"href":"https:\/\/www.vmcservices.cat\/fr\/wp-json\/wp\/v2\/pages\/205\/revisions\/1961"}],"up":[{"embeddable":true,"href":"https:\/\/www.vmcservices.cat\/fr\/wp-json\/wp\/v2\/pages\/189"}],"wp:attachment":[{"href":"https:\/\/www.vmcservices.cat\/fr\/wp-json\/wp\/v2\/media?parent=205"}],"curies":[{"name":"wp","href":"https:\/\/api.w.org\/{rel}","templated":true}]}}