{"id":187,"date":"2024-11-05T15:28:58","date_gmt":"2024-11-05T15:28:58","guid":{"rendered":"http:\/\/www.vmcservices.cat\/?page_id=187"},"modified":"2024-11-19T15:38:40","modified_gmt":"2024-11-19T15:38:40","slug":"sobre-mi","status":"publish","type":"page","link":"https:\/\/www.vmcservices.cat\/fr\/sobre-mi\/","title":{"rendered":"sur moi"},"content":{"rendered":"<div data-elementor-type=\"wp-page\" data-elementor-id=\"187\" class=\"elementor elementor-187\" data-elementor-post-type=\"page\">\n\t\t\t\t<div class=\"elementor-element elementor-element-75bc56a3 e-flex e-con-boxed e-con e-parent\" data-id=\"75bc56a3\" data-element_type=\"container\" data-settings=\"{&quot;background_background&quot;:&quot;classic&quot;}\">\n\t\t\t\t\t<div class=\"e-con-inner\">\n\t\t\t\t<div class=\"elementor-element elementor-element-6a49f2a8 elementor-invisible elementor-widget elementor-widget-heading\" data-id=\"6a49f2a8\" data-element_type=\"widget\" data-settings=\"{&quot;_animation&quot;:&quot;fadeInDown&quot;}\" data-widget_type=\"heading.default\">\n\t\t\t\t<div class=\"elementor-widget-container\">\n\t\t\t\t\t<h1 class=\"elementor-heading-title elementor-size-default\">Apprenez \u00e0 me conna\u00eetre : Fondateur et responsable de VMC Services<\/h1>\t\t\t\t<\/div>\n\t\t\t\t<\/div>\n\t\t\t\t<div class=\"elementor-element elementor-element-18bc4542 elementor-icon-list--layout-inline elementor-align-center elementor-hidden-mobile elementor-list-item-link-full_width elementor-invisible elementor-widget elementor-widget-icon-list\" data-id=\"18bc4542\" data-element_type=\"widget\" data-settings=\"{&quot;_animation&quot;:&quot;fadeInDown&quot;}\" data-widget_type=\"icon-list.default\">\n\t\t\t\t<div class=\"elementor-widget-container\">\n\t\t\t\t\t\t\t<ul class=\"elementor-icon-list-items elementor-inline-items\">\n\t\t\t\t\t\t\t<li class=\"elementor-icon-list-item elementor-inline-item\">\n\t\t\t\t\t\t\t\t\t\t\t<a href=\"https:\/\/www.vmcservices.cat\/fr\">\n\n\t\t\t\t\t\t\t\t\t\t\t<span class=\"elementor-icon-list-text\">Maison<\/span>\n\t\t\t\t\t\t\t\t\t\t\t<\/a>\n\t\t\t\t\t\t\t\t\t<\/li>\n\t\t\t\t\t\t\t\t<li class=\"elementor-icon-list-item elementor-inline-item\">\n\t\t\t\t\t\t\t\t\t\t\t<span class=\"elementor-icon-list-icon\">\n\t\t\t\t\t\t\t<i aria-hidden=\"true\" class=\"icon icon-right-arrow\"><\/i>\t\t\t\t\t\t<\/span>\n\t\t\t\t\t\t\t\t\t\t<span class=\"elementor-icon-list-text\">sur moi<\/span>\n\t\t\t\t\t\t\t\t\t<\/li>\n\t\t\t\t\t\t<\/ul>\n\t\t\t\t\t\t<\/div>\n\t\t\t\t<\/div>\n\t\t\t\t\t<\/div>\n\t\t\t\t<\/div>\n\t\t<div class=\"elementor-element elementor-element-6400f1fc e-flex e-con-boxed e-con e-parent\" data-id=\"6400f1fc\" data-element_type=\"container\" data-settings=\"{&quot;background_background&quot;:&quot;classic&quot;}\">\n\t\t\t\t\t<div class=\"e-con-inner\">\n\t\t<div class=\"elementor-element elementor-element-e12a10e e-con-full e-flex e-con e-child\" data-id=\"e12a10e\" data-element_type=\"container\">\n\t\t<div class=\"elementor-element elementor-element-538b85d7 e-con-full e-flex e-con e-child\" data-id=\"538b85d7\" data-element_type=\"container\" data-settings=\"{&quot;background_background&quot;:&quot;classic&quot;}\">\n\t\t\t\t<\/div>\n\t\t\t\t<\/div>\n\t\t<div class=\"elementor-element elementor-element-6cc1c2dc e-con-full e-flex e-con e-child\" data-id=\"6cc1c2dc\" data-element_type=\"container\" data-settings=\"{&quot;background_background&quot;:&quot;classic&quot;}\">\n\t\t\t\t<div class=\"elementor-element elementor-element-472236a3 elementor-invisible elementor-widget elementor-widget-text-editor\" data-id=\"472236a3\" data-element_type=\"widget\" data-settings=\"{&quot;_animation&quot;:&quot;fadeInDown&quot;}\" data-widget_type=\"text-editor.default\">\n\t\t\t\t<div class=\"elementor-widget-container\">\n\t\t\t\t\t\t\t\t\t<p>Bonjour! Je suis V\u00edctor Gonz\u00e1lez, fondateur et directeur de VMC Services. J&#039;ai cr\u00e9\u00e9 cette soci\u00e9t\u00e9 avec un objectif clair : offrir un service complet et personnalis\u00e9 dans la gestion de communaut\u00e9s de propri\u00e9taires et proposer une large gamme d&#039;assurances pour garantir la tranquillit\u00e9 d&#039;esprit de nos clients.<\/p>\t\t\t\t\t\t\t\t<\/div>\n\t\t\t\t<\/div>\n\t\t\t\t<div class=\"elementor-element elementor-element-3a07f2a4 elementor-align-left elementor-widget__width-initial elementor-invisible elementor-widget elementor-widget-button\" data-id=\"3a07f2a4\" data-element_type=\"widget\" data-settings=\"{&quot;_animation&quot;:&quot;fadeInDown&quot;}\" data-widget_type=\"button.default\">\n\t\t\t\t<div class=\"elementor-widget-container\">\n\t\t\t\t\t\t\t\t\t<div class=\"elementor-button-wrapper\">\n\t\t\t\t\t<a class=\"elementor-button elementor-button-link elementor-size-sm\" href=\"https:\/\/www.vmcservices.cat\/fr\/contacto\/\">\n\t\t\t\t\t\t<span class=\"elementor-button-content-wrapper\">\n\t\t\t\t\t\t\t\t\t<span class=\"elementor-button-text\">Contact<\/span>\n\t\t\t\t\t<\/span>\n\t\t\t\t\t<\/a>\n\t\t\t\t<\/div>\n\t\t\t\t\t\t\t\t<\/div>\n\t\t\t\t<\/div>\n\t\t\t\t<\/div>\n\t\t\t\t\t<\/div>\n\t\t\t\t<\/div>\n\t\t<div class=\"elementor-element elementor-element-e66da0f e-flex e-con-boxed e-con e-parent\" data-id=\"e66da0f\" data-element_type=\"container\" data-settings=\"{&quot;background_background&quot;:&quot;classic&quot;}\">\n\t\t\t\t\t<div class=\"e-con-inner\">\n\t\t<div class=\"elementor-element elementor-element-faba8b1 e-con-full e-flex e-con e-child\" data-id=\"faba8b1\" data-element_type=\"container\">\n\t\t<div class=\"elementor-element elementor-element-6fbc62e e-con-full e-flex e-con e-child\" data-id=\"6fbc62e\" data-element_type=\"container\" data-settings=\"{&quot;background_background&quot;:&quot;classic&quot;}\">\n\t\t\t\t<\/div>\n\t\t\t\t<\/div>\n\t\t<div class=\"elementor-element elementor-element-05894b2 e-con-full e-flex e-con e-child\" data-id=\"05894b2\" data-element_type=\"container\" data-settings=\"{&quot;background_background&quot;:&quot;classic&quot;}\">\n\t\t\t\t<div class=\"elementor-element elementor-element-b13cb11 elementor-invisible elementor-widget elementor-widget-heading\" data-id=\"b13cb11\" data-element_type=\"widget\" data-settings=\"{&quot;_animation&quot;:&quot;fadeInDown&quot;}\" data-widget_type=\"heading.default\">\n\t\t\t\t<div class=\"elementor-widget-container\">\n\t\t\t\t\t<h2 class=\"elementor-heading-title elementor-size-default\">Carri\u00e8re professionnelle<\/h2>\t\t\t\t<\/div>\n\t\t\t\t<\/div>\n\t\t\t\t<div class=\"elementor-element elementor-element-bda56da elementor-invisible elementor-widget elementor-widget-text-editor\" data-id=\"bda56da\" data-element_type=\"widget\" data-settings=\"{&quot;_animation&quot;:&quot;fadeInDown&quot;}\" data-widget_type=\"text-editor.default\">\n\t\t\t\t<div class=\"elementor-widget-container\">\n\t\t\t\t\t\t\t\t\t<p>J&#039;ai des ann\u00e9es d&#039;exp\u00e9rience dans le secteur, ce qui m&#039;a permis d&#039;\u00e9tablir une r\u00e9putation de confiance et de professionnalisme. Je suis membre de l&#039;Association nationale des gestionnaires immobiliers (n\u00b0 34205) et agent d&#039;assurance de Catalana Oeste (n\u00b0 8\/00048303), accr\u00e9ditations qui soutiennent mon engagement envers l&#039;excellence et la transparence dans tous les services que nous proposons dans VMC Services.<\/p>\t\t\t\t\t\t\t\t<\/div>\n\t\t\t\t<\/div>\n\t\t\t\t<\/div>\n\t\t\t\t\t<\/div>\n\t\t\t\t<\/div>\n\t\t<div class=\"elementor-element elementor-element-fa1b757 e-flex e-con-boxed e-con e-parent\" data-id=\"fa1b757\" data-element_type=\"container\" data-settings=\"{&quot;background_background&quot;:&quot;classic&quot;}\">\n\t\t\t\t\t<div class=\"e-con-inner\">\n\t\t<div class=\"elementor-element elementor-element-35af741 e-con-full e-flex e-con e-child\" data-id=\"35af741\" data-element_type=\"container\">\n\t\t<div class=\"elementor-element elementor-element-975998b e-con-full e-flex e-con e-child\" data-id=\"975998b\" data-element_type=\"container\" data-settings=\"{&quot;background_background&quot;:&quot;classic&quot;}\">\n\t\t\t\t<\/div>\n\t\t\t\t<\/div>\n\t\t<div class=\"elementor-element elementor-element-3d52eb3 e-con-full e-flex e-con e-child\" data-id=\"3d52eb3\" data-element_type=\"container\" data-settings=\"{&quot;background_background&quot;:&quot;classic&quot;}\">\n\t\t\t\t<div class=\"elementor-element elementor-element-63eb3a4 elementor-invisible elementor-widget elementor-widget-heading\" data-id=\"63eb3a4\" data-element_type=\"widget\" data-settings=\"{&quot;_animation&quot;:&quot;fadeInDown&quot;}\" data-widget_type=\"heading.default\">\n\t\t\t\t<div class=\"elementor-widget-container\">\n\t\t\t\t\t<h3 class=\"elementor-heading-title elementor-size-default\">Mon engagement envers toi<\/h3>\t\t\t\t<\/div>\n\t\t\t\t<\/div>\n\t\t\t\t<div class=\"elementor-element elementor-element-b5eaf23 elementor-invisible elementor-widget elementor-widget-text-editor\" data-id=\"b5eaf23\" data-element_type=\"widget\" data-settings=\"{&quot;_animation&quot;:&quot;fadeInDown&quot;}\" data-widget_type=\"text-editor.default\">\n\t\t\t\t<div class=\"elementor-widget-container\">\n\t\t\t\t\t\t\t\t\t<p>Ma mission est de vous faciliter la vie, que ce soit en g\u00e9rant efficacement votre communaut\u00e9, en vous offrant la meilleure assurance pour votre habitation, votre v\u00e9hicule ou votre entreprise, ou en vous aidant dans toute d\u00e9marche administrative. Chez VMC Services, chaque client est unique, nous personnalisons donc nos solutions pour r\u00e9pondre \u00e0 vos besoins sp\u00e9cifiques.<\/p>\t\t\t\t\t\t\t\t<\/div>\n\t\t\t\t<\/div>\n\t\t\t\t<\/div>\n\t\t\t\t\t<\/div>\n\t\t\t\t<\/div>\n\t\t<div class=\"elementor-element elementor-element-79c0f86 e-flex e-con-boxed e-con e-parent\" data-id=\"79c0f86\" data-element_type=\"container\" data-settings=\"{&quot;background_background&quot;:&quot;classic&quot;}\">\n\t\t\t\t\t<div class=\"e-con-inner\">\n\t\t<div class=\"elementor-element elementor-element-76fa863 e-con-full e-flex e-con e-child\" data-id=\"76fa863\" data-element_type=\"container\">\n\t\t<div class=\"elementor-element elementor-element-dfb313a e-con-full e-flex e-con e-child\" data-id=\"dfb313a\" data-element_type=\"container\" data-settings=\"{&quot;background_background&quot;:&quot;classic&quot;}\">\n\t\t\t\t<\/div>\n\t\t\t\t<\/div>\n\t\t<div class=\"elementor-element elementor-element-5d7941e e-con-full e-flex e-con e-child\" data-id=\"5d7941e\" data-element_type=\"container\" data-settings=\"{&quot;background_background&quot;:&quot;classic&quot;}\">\n\t\t\t\t<div class=\"elementor-element elementor-element-2caddf5 elementor-invisible elementor-widget elementor-widget-heading\" data-id=\"2caddf5\" data-element_type=\"widget\" data-settings=\"{&quot;_animation&quot;:&quot;fadeInDown&quot;}\" data-widget_type=\"heading.default\">\n\t\t\t\t<div class=\"elementor-widget-container\">\n\t\t\t\t\t<h2 class=\"elementor-heading-title elementor-size-default\">je suis l\u00e0 pour t&#039;aider<\/h2>\t\t\t\t<\/div>\n\t\t\t\t<\/div>\n\t\t\t\t<div class=\"elementor-element elementor-element-51e6844 elementor-invisible elementor-widget elementor-widget-text-editor\" data-id=\"51e6844\" data-element_type=\"widget\" data-settings=\"{&quot;_animation&quot;:&quot;fadeInDown&quot;}\" data-widget_type=\"text-editor.default\">\n\t\t\t\t<div class=\"elementor-widget-container\">\n\t\t\t\t\t\t\t\t\t<p>Je suis \u00e0 votre disposition pour toutes questions ou interrogations. Contactez-moi sans aucun engagement et je serai heureux de vous aider avec tout ce dont vous avez besoin. Ma priorit\u00e9 est votre tranquillit\u00e9 d&#039;esprit et vous offrir le meilleur service possible. Parlons\u00a0!<\/p>\t\t\t\t\t\t\t\t<\/div>\n\t\t\t\t<\/div>\n\t\t\t\t<\/div>\n\t\t\t\t\t<\/div>\n\t\t\t\t<\/div>\n\t\t\t\t<\/div>","protected":false},"excerpt":{"rendered":"<p>Con\u00f3ceme: Fundador y responsable de VMC Services Home \u00a1Hola! Soy V\u00edctor Gonz\u00e1lez, fundador y responsable de VMC Services. Cre\u00e9 esta empresa con un objetivo claro: ofrecer un servicio completo y personalizado en la gesti\u00f3n de comunidades de propietarios y proporcionar una amplia gama de seguros para garantizar la tranquilidad de nuestros clientes. Contactar Trayectoria profesional [&hellip;]<\/p>","protected":false},"author":1,"featured_media":0,"parent":0,"menu_order":0,"comment_status":"closed","ping_status":"closed","template":"","meta":{"footnotes":""},"class_list":["post-187","page","type-page","status-publish","hentry"],"_links":{"self":[{"href":"https:\/\/www.vmcservices.cat\/fr\/wp-json\/wp\/v2\/pages\/187","targetHints":{"allow":["GET"]}}],"collection":[{"href":"https:\/\/www.vmcservices.cat\/fr\/wp-json\/wp\/v2\/pages"}],"about":[{"href":"https:\/\/www.vmcservices.cat\/fr\/wp-json\/wp\/v2\/types\/page"}],"author":[{"embeddable":true,"href":"https:\/\/www.vmcservices.cat\/fr\/wp-json\/wp\/v2\/users\/1"}],"replies":[{"embeddable":true,"href":"https:\/\/www.vmcservices.cat\/fr\/wp-json\/wp\/v2\/comments?post=187"}],"version-history":[{"count":109,"href":"https:\/\/www.vmcservices.cat\/fr\/wp-json\/wp\/v2\/pages\/187\/revisions"}],"predecessor-version":[{"id":1897,"href":"https:\/\/www.vmcservices.cat\/fr\/wp-json\/wp\/v2\/pages\/187\/revisions\/1897"}],"wp:attachment":[{"href":"https:\/\/www.vmcservices.cat\/fr\/wp-json\/wp\/v2\/media?parent=187"}],"curies":[{"name":"wp","href":"https:\/\/api.w.org\/{rel}","templated":true}]}}