{"id":205,"date":"2024-11-05T15:33:26","date_gmt":"2024-11-05T15:33:26","guid":{"rendered":"http:\/\/www.vmcservices.cat\/?page_id=205"},"modified":"2024-11-19T15:54:24","modified_gmt":"2024-11-19T15:54:24","slug":"seguros","status":"publish","type":"page","link":"https:\/\/www.vmcservices.cat\/cat\/servicios\/seguros\/","title":{"rendered":"Assegurances"},"content":{"rendered":"<div data-elementor-type=\"wp-page\" data-elementor-id=\"205\" class=\"elementor elementor-205\" data-elementor-post-type=\"page\">\n\t\t\t\t<div class=\"elementor-element elementor-element-4ac0792 e-flex e-con-boxed e-con e-parent\" data-id=\"4ac0792\" data-element_type=\"container\" data-settings=\"{&quot;background_background&quot;:&quot;classic&quot;}\">\n\t\t\t\t\t<div class=\"e-con-inner\">\n\t\t\t\t<div class=\"elementor-element elementor-element-2f6797d elementor-invisible elementor-widget elementor-widget-heading\" data-id=\"2f6797d\" data-element_type=\"widget\" data-settings=\"{&quot;_animation&quot;:&quot;fadeInDown&quot;}\" data-widget_type=\"heading.default\">\n\t\t\t\t<div class=\"elementor-widget-container\">\n\t\t\t\t\t<h1 class=\"elementor-heading-title elementor-size-default\">Protegeix-te amb les millors assegurances de VMC Services<\/h1>\t\t\t\t<\/div>\n\t\t\t\t<\/div>\n\t\t\t\t<div class=\"elementor-element elementor-element-eb488f1 elementor-icon-list--layout-inline elementor-align-center elementor-hidden-mobile elementor-list-item-link-full_width elementor-invisible elementor-widget elementor-widget-icon-list\" data-id=\"eb488f1\" data-element_type=\"widget\" data-settings=\"{&quot;_animation&quot;:&quot;fadeInDown&quot;}\" data-widget_type=\"icon-list.default\">\n\t\t\t\t<div class=\"elementor-widget-container\">\n\t\t\t\t\t\t\t<ul class=\"elementor-icon-list-items elementor-inline-items\">\n\t\t\t\t\t\t\t<li class=\"elementor-icon-list-item elementor-inline-item\">\n\t\t\t\t\t\t\t\t\t\t\t<a href=\"https:\/\/www.vmcservices.cat\/cat\">\n\n\t\t\t\t\t\t\t\t\t\t\t<span class=\"elementor-icon-list-text\">Home<\/span>\n\t\t\t\t\t\t\t\t\t\t\t<\/a>\n\t\t\t\t\t\t\t\t\t<\/li>\n\t\t\t\t\t\t\t\t<li class=\"elementor-icon-list-item elementor-inline-item\">\n\t\t\t\t\t\t\t\t\t\t\t<a href=\"https:\/\/www.vmcservices.cat\/cat\/servicios\/\">\n\n\t\t\t\t\t\t\t\t\t\t\t\t<span class=\"elementor-icon-list-icon\">\n\t\t\t\t\t\t\t<i aria-hidden=\"true\" class=\"icon icon-right-arrow\"><\/i>\t\t\t\t\t\t<\/span>\n\t\t\t\t\t\t\t\t\t\t<span class=\"elementor-icon-list-text\">Serveis<\/span>\n\t\t\t\t\t\t\t\t\t\t\t<\/a>\n\t\t\t\t\t\t\t\t\t<\/li>\n\t\t\t\t\t\t\t\t<li class=\"elementor-icon-list-item elementor-inline-item\">\n\t\t\t\t\t\t\t\t\t\t\t<span class=\"elementor-icon-list-icon\">\n\t\t\t\t\t\t\t<i aria-hidden=\"true\" class=\"icon icon-right-arrow\"><\/i>\t\t\t\t\t\t<\/span>\n\t\t\t\t\t\t\t\t\t\t<span class=\"elementor-icon-list-text\">Assegurances<\/span>\n\t\t\t\t\t\t\t\t\t<\/li>\n\t\t\t\t\t\t<\/ul>\n\t\t\t\t\t\t<\/div>\n\t\t\t\t<\/div>\n\t\t\t\t\t<\/div>\n\t\t\t\t<\/div>\n\t\t<div class=\"elementor-element elementor-element-1eaa213 e-flex e-con-boxed e-con e-parent\" data-id=\"1eaa213\" data-element_type=\"container\" data-settings=\"{&quot;background_background&quot;:&quot;classic&quot;}\">\n\t\t\t\t\t<div class=\"e-con-inner\">\n\t\t<div class=\"elementor-element elementor-element-24dee9a e-con-full e-flex e-con e-child\" data-id=\"24dee9a\" data-element_type=\"container\">\n\t\t<div class=\"elementor-element elementor-element-c5b20df e-con-full e-flex e-con e-child\" data-id=\"c5b20df\" data-element_type=\"container\">\n\t\t\t\t<div class=\"elementor-element elementor-element-186277f elementor-invisible elementor-widget elementor-widget-text-editor\" data-id=\"186277f\" data-element_type=\"widget\" data-settings=\"{&quot;_animation&quot;:&quot;fadeInDown&quot;}\" data-widget_type=\"text-editor.default\">\n\t\t\t\t<div class=\"elementor-widget-container\">\n\t\t\t\t\t\t\t\t\t<p>A VMC Services, ofereixo una \u00e0mplia varietat d&#039;assegurances dissenyades per brindar-te la tranquil\u00b7litat que necessites, sense importar el teu perfil o situaci\u00f3. M&#039;adapto tant a les necessitats de particulars, com a les empreses i aut\u00f2noms, oferint productes personalitzats i d&#039;alta qualitat. A continuaci\u00f3, us presento un resum de les assegurances que poso a la vostra disposici\u00f3.<\/p>\t\t\t\t\t\t\t\t<\/div>\n\t\t\t\t<\/div>\n\t\t\t\t<\/div>\n\t\t\t\t<\/div>\n\t\t\t\t\t<\/div>\n\t\t\t\t<\/div>\n\t\t<div class=\"elementor-element elementor-element-a21e074 e-flex e-con-boxed e-con e-parent\" data-id=\"a21e074\" data-element_type=\"container\" data-settings=\"{&quot;background_background&quot;:&quot;classic&quot;}\">\n\t\t\t\t\t<div class=\"e-con-inner\">\n\t\t<div class=\"elementor-element elementor-element-bec4020 e-con-full e-flex e-con e-child\" data-id=\"bec4020\" data-element_type=\"container\">\n\t\t<div class=\"elementor-element elementor-element-09d0ce2 e-con-full e-flex e-con e-child\" data-id=\"09d0ce2\" data-element_type=\"container\">\n\t\t\t\t<div class=\"elementor-element elementor-element-4bf08ff elementor-invisible elementor-widget elementor-widget-heading\" data-id=\"4bf08ff\" data-element_type=\"widget\" data-settings=\"{&quot;_animation&quot;:&quot;fadeInDown&quot;}\" data-widget_type=\"heading.default\">\n\t\t\t\t<div class=\"elementor-widget-container\">\n\t\t\t\t\t<h2 class=\"elementor-heading-title elementor-size-default\">Quines assegurances puc oferir?<\/h2>\t\t\t\t<\/div>\n\t\t\t\t<\/div>\n\t\t\t\t<\/div>\n\t\t\t\t<\/div>\n\t\t<div class=\"elementor-element elementor-element-4f54581 e-grid e-con-full e-con e-child\" data-id=\"4f54581\" data-element_type=\"container\">\n\t\t<div class=\"elementor-element elementor-element-788f2d1 e-con-full e-flex e-con e-child\" data-id=\"788f2d1\" data-element_type=\"container\" data-settings=\"{&quot;background_background&quot;:&quot;classic&quot;}\">\n\t\t<div class=\"elementor-element elementor-element-6c5ee8a e-con-full e-flex e-con e-child\" data-id=\"6c5ee8a\" data-element_type=\"container\">\n\t\t\t\t<div class=\"elementor-element elementor-element-fcb307d elementor-invisible elementor-widget elementor-widget-image\" data-id=\"fcb307d\" data-element_type=\"widget\" data-settings=\"{&quot;_animation&quot;:&quot;fadeInDown&quot;}\" data-widget_type=\"image.default\">\n\t\t\t\t<div class=\"elementor-widget-container\">\n\t\t\t\t\t\t\t\t\t\t\t\t\t\t\t<img fetchpriority=\"high\" decoding=\"async\" width=\"800\" height=\"450\" src=\"https:\/\/www.vmcservices.cat\/wp-content\/uploads\/2024\/11\/26.-hogar-1024x576.jpg\" class=\"attachment-large size-large wp-image-872\" alt=\"\" srcset=\"https:\/\/www.vmcservices.cat\/wp-content\/uploads\/2024\/11\/26.-hogar-1024x576.jpg 1024w, https:\/\/www.vmcservices.cat\/wp-content\/uploads\/2024\/11\/26.-hogar-300x169.jpg 300w, https:\/\/www.vmcservices.cat\/wp-content\/uploads\/2024\/11\/26.-hogar-768x432.jpg 768w, https:\/\/www.vmcservices.cat\/wp-content\/uploads\/2024\/11\/26.-hogar-1536x864.jpg 1536w, https:\/\/www.vmcservices.cat\/wp-content\/uploads\/2024\/11\/26.-hogar.jpg 1920w\" sizes=\"(max-width: 800px) 100vw, 800px\" \/>\t\t\t\t\t\t\t\t\t\t\t\t\t\t\t<\/div>\n\t\t\t\t<\/div>\n\t\t\t\t<div class=\"elementor-element elementor-element-a649846 elementor-invisible elementor-widget elementor-widget-heading\" data-id=\"a649846\" data-element_type=\"widget\" data-settings=\"{&quot;_animation&quot;:&quot;fadeInDown&quot;}\" data-widget_type=\"heading.default\">\n\t\t\t\t<div class=\"elementor-widget-container\">\n\t\t\t\t\t<h3 class=\"elementor-heading-title elementor-size-default\">Assegurances per a particulars<\/h3>\t\t\t\t<\/div>\n\t\t\t\t<\/div>\n\t\t\t\t<div class=\"elementor-element elementor-element-e3d6cf7 elementor-invisible elementor-widget elementor-widget-text-editor\" data-id=\"e3d6cf7\" data-element_type=\"widget\" data-settings=\"{&quot;_animation&quot;:&quot;fadeInDown&quot;}\" data-widget_type=\"text-editor.default\">\n\t\t\t\t<div class=\"elementor-widget-container\">\n\t\t\t\t\t\t\t\t\t<p>Les meves assegurances per a particulars estan dissenyades per protegir el que m\u00e9s t&#039;importa: casa teva, salut, fam\u00edlia i futur. Ofereixo cobertures per a la llar, assegurances de salut, de vida, de vehicles i m\u00e9s. T&#039;assessoro perqu\u00e8 tri\u00efs l&#039;asseguran\u00e7a que s&#039;ajusti millor a les teves necessitats, assegurant la teva tranquil\u00b7litat en tot moment.<\/p>\t\t\t\t\t\t\t\t<\/div>\n\t\t\t\t<\/div>\n\t\t\t\t<\/div>\n\t\t\t\t<div class=\"elementor-element elementor-element-2c0008d elementor-align-justify elementor-invisible elementor-widget elementor-widget-button\" data-id=\"2c0008d\" data-element_type=\"widget\" data-settings=\"{&quot;_animation&quot;:&quot;fadeInDown&quot;}\" data-widget_type=\"button.default\">\n\t\t\t\t<div class=\"elementor-widget-container\">\n\t\t\t\t\t\t\t\t\t<div class=\"elementor-button-wrapper\">\n\t\t\t\t\t<a class=\"elementor-button elementor-button-link elementor-size-sm\" href=\"https:\/\/www.vmcservices.cat\/cat\/servicios\/seguros\/seguros-para-particulares\/\">\n\t\t\t\t\t\t<span class=\"elementor-button-content-wrapper\">\n\t\t\t\t\t\t\t\t\t<span class=\"elementor-button-text\">Veure m\u00e9s<\/span>\n\t\t\t\t\t<\/span>\n\t\t\t\t\t<\/a>\n\t\t\t\t<\/div>\n\t\t\t\t\t\t\t\t<\/div>\n\t\t\t\t<\/div>\n\t\t\t\t<\/div>\n\t\t<div class=\"elementor-element elementor-element-b8d9126 e-con-full e-flex e-con e-child\" data-id=\"b8d9126\" data-element_type=\"container\" data-settings=\"{&quot;background_background&quot;:&quot;classic&quot;}\">\n\t\t<div class=\"elementor-element elementor-element-f997e9b e-con-full e-flex e-con e-child\" data-id=\"f997e9b\" data-element_type=\"container\">\n\t\t\t\t<div class=\"elementor-element elementor-element-0e84389 elementor-invisible elementor-widget elementor-widget-image\" data-id=\"0e84389\" data-element_type=\"widget\" data-settings=\"{&quot;_animation&quot;:&quot;fadeInDown&quot;}\" data-widget_type=\"image.default\">\n\t\t\t\t<div class=\"elementor-widget-container\">\n\t\t\t\t\t\t\t\t\t\t\t\t\t\t\t<img decoding=\"async\" width=\"800\" height=\"450\" src=\"https:\/\/www.vmcservices.cat\/wp-content\/uploads\/2024\/11\/46.-seguros-empresas-1024x576.jpg\" class=\"attachment-large size-large wp-image-907\" alt=\"\" srcset=\"https:\/\/www.vmcservices.cat\/wp-content\/uploads\/2024\/11\/46.-seguros-empresas-1024x576.jpg 1024w, https:\/\/www.vmcservices.cat\/wp-content\/uploads\/2024\/11\/46.-seguros-empresas-300x169.jpg 300w, https:\/\/www.vmcservices.cat\/wp-content\/uploads\/2024\/11\/46.-seguros-empresas-768x432.jpg 768w, https:\/\/www.vmcservices.cat\/wp-content\/uploads\/2024\/11\/46.-seguros-empresas-1536x864.jpg 1536w, https:\/\/www.vmcservices.cat\/wp-content\/uploads\/2024\/11\/46.-seguros-empresas.jpg 1920w\" sizes=\"(max-width: 800px) 100vw, 800px\" \/>\t\t\t\t\t\t\t\t\t\t\t\t\t\t\t<\/div>\n\t\t\t\t<\/div>\n\t\t\t\t<div class=\"elementor-element elementor-element-404da76 elementor-invisible elementor-widget elementor-widget-heading\" data-id=\"404da76\" data-element_type=\"widget\" data-settings=\"{&quot;_animation&quot;:&quot;fadeInDown&quot;}\" data-widget_type=\"heading.default\">\n\t\t\t\t<div class=\"elementor-widget-container\">\n\t\t\t\t\t<h3 class=\"elementor-heading-title elementor-size-default\">Assegurances per a empreses<\/h3>\t\t\t\t<\/div>\n\t\t\t\t<\/div>\n\t\t\t\t<div class=\"elementor-element elementor-element-cd75430 elementor-invisible elementor-widget elementor-widget-text-editor\" data-id=\"cd75430\" data-element_type=\"widget\" data-settings=\"{&quot;_animation&quot;:&quot;fadeInDown&quot;}\" data-widget_type=\"text-editor.default\">\n\t\t\t\t<div class=\"elementor-widget-container\">\n\t\t\t\t\t\t\t\t\t<div class=\"flex max-w-full flex-col flex-grow\"><div class=\"min-h-8 text-message flex w-full flex-col items-end gap-2 whitespace-normal break-words [.text-message+&amp;]:mt-5\" dir=\"auto\" data-message-author-role=\"assistant\" data-message-id=\"f82c9a29-9391-420e-bf30-b967e9d4eec1\" data-message-model-slug=\"gpt-4o-mini\"><div class=\"flex w-full flex-col gap-1 empty:hidden first:pt-[3px]\"><div class=\"markdown prose w-full break-words dark:prose-invert light\"><p>Per a empreses de totes les mides, a VMC Services brindo assegurances adaptades que cobreixen des de la responsabilitat civil fins als riscos espec\u00edfics de cada sector. M&#039;encarrego de protegir el teu negoci, els teus actius i el teu equip, oferint solucions que garanteixen la continu\u00eftat de la teva empresa davant de qualsevol imprevist.<\/p><\/div><\/div><\/div><\/div>\t\t\t\t\t\t\t\t<\/div>\n\t\t\t\t<\/div>\n\t\t\t\t<\/div>\n\t\t\t\t<div class=\"elementor-element elementor-element-2379cd5 elementor-align-justify elementor-invisible elementor-widget elementor-widget-button\" data-id=\"2379cd5\" data-element_type=\"widget\" data-settings=\"{&quot;_animation&quot;:&quot;fadeInDown&quot;}\" data-widget_type=\"button.default\">\n\t\t\t\t<div class=\"elementor-widget-container\">\n\t\t\t\t\t\t\t\t\t<div class=\"elementor-button-wrapper\">\n\t\t\t\t\t<a class=\"elementor-button elementor-button-link elementor-size-sm\" href=\"https:\/\/www.vmcservices.cat\/cat\/servicios\/administracion-de-comunidades\/\">\n\t\t\t\t\t\t<span class=\"elementor-button-content-wrapper\">\n\t\t\t\t\t\t\t\t\t<span class=\"elementor-button-text\">Veure m\u00e9s<\/span>\n\t\t\t\t\t<\/span>\n\t\t\t\t\t<\/a>\n\t\t\t\t<\/div>\n\t\t\t\t\t\t\t\t<\/div>\n\t\t\t\t<\/div>\n\t\t\t\t<\/div>\n\t\t<div class=\"elementor-element elementor-element-e1dc01e e-con-full e-flex e-con e-child\" data-id=\"e1dc01e\" data-element_type=\"container\" data-settings=\"{&quot;background_background&quot;:&quot;classic&quot;}\">\n\t\t<div class=\"elementor-element elementor-element-842fb0a e-con-full e-flex e-con e-child\" data-id=\"842fb0a\" data-element_type=\"container\">\n\t\t\t\t<div class=\"elementor-element elementor-element-26634c8 elementor-invisible elementor-widget elementor-widget-image\" data-id=\"26634c8\" data-element_type=\"widget\" data-settings=\"{&quot;_animation&quot;:&quot;fadeIn&quot;}\" data-widget_type=\"image.default\">\n\t\t\t\t<div class=\"elementor-widget-container\">\n\t\t\t\t\t\t\t\t\t\t\t\t\t\t\t<img decoding=\"async\" width=\"800\" height=\"450\" src=\"https:\/\/www.vmcservices.cat\/wp-content\/uploads\/2024\/11\/19.-seguros-autonomos-1024x576.jpg\" class=\"attachment-large size-large wp-image-909\" alt=\"\" srcset=\"https:\/\/www.vmcservices.cat\/wp-content\/uploads\/2024\/11\/19.-seguros-autonomos-1024x576.jpg 1024w, https:\/\/www.vmcservices.cat\/wp-content\/uploads\/2024\/11\/19.-seguros-autonomos-300x169.jpg 300w, https:\/\/www.vmcservices.cat\/wp-content\/uploads\/2024\/11\/19.-seguros-autonomos-768x432.jpg 768w, https:\/\/www.vmcservices.cat\/wp-content\/uploads\/2024\/11\/19.-seguros-autonomos-1536x864.jpg 1536w, https:\/\/www.vmcservices.cat\/wp-content\/uploads\/2024\/11\/19.-seguros-autonomos.jpg 1920w\" sizes=\"(max-width: 800px) 100vw, 800px\" \/>\t\t\t\t\t\t\t\t\t\t\t\t\t\t\t<\/div>\n\t\t\t\t<\/div>\n\t\t\t\t<div class=\"elementor-element elementor-element-106d536 elementor-invisible elementor-widget elementor-widget-heading\" data-id=\"106d536\" data-element_type=\"widget\" data-settings=\"{&quot;_animation&quot;:&quot;fadeInDown&quot;}\" data-widget_type=\"heading.default\">\n\t\t\t\t<div class=\"elementor-widget-container\">\n\t\t\t\t\t<h3 class=\"elementor-heading-title elementor-size-default\">Assegurances per a aut\u00f2noms<\/h3>\t\t\t\t<\/div>\n\t\t\t\t<\/div>\n\t\t\t\t<div class=\"elementor-element elementor-element-c22567e elementor-invisible elementor-widget elementor-widget-text-editor\" data-id=\"c22567e\" data-element_type=\"widget\" data-settings=\"{&quot;_animation&quot;:&quot;fadeInDown&quot;}\" data-widget_type=\"text-editor.default\">\n\t\t\t\t<div class=\"elementor-widget-container\">\n\t\t\t\t\t\t\t\t\t<div class=\"flex max-w-full flex-col flex-grow\"><div class=\"min-h-8 text-message flex w-full flex-col items-end gap-2 whitespace-normal break-words [.text-message+&amp;]:mt-5\" dir=\"auto\" data-message-author-role=\"assistant\" data-message-id=\"8ba16c8a-4658-48d0-9983-db47f71c1357\" data-message-model-slug=\"gpt-4o-mini\"><div class=\"flex w-full flex-col gap-1 empty:hidden first:pt-[3px]\"><div class=\"markdown prose w-full break-words dark:prose-invert light\"><p>Entenc que els aut\u00f2noms enfronten reptes \u00fanics, per la qual cosa ofereixo assegurances pensades per cobrir les necessitats espec\u00edfiques. Des d&#039;assegurances de responsabilitat civil fins a assegurances de salut i protecci\u00f3 d&#039;ingressos, t&#039;ajudo a cuidar el teu negoci i el teu benestar personal mentre et dediques a all\u00f2 que saps fer millor.<\/p><\/div><\/div><\/div><\/div>\t\t\t\t\t\t\t\t<\/div>\n\t\t\t\t<\/div>\n\t\t\t\t<\/div>\n\t\t\t\t<div class=\"elementor-element elementor-element-c74e8a2 elementor-align-justify elementor-invisible elementor-widget elementor-widget-button\" data-id=\"c74e8a2\" data-element_type=\"widget\" data-settings=\"{&quot;_animation&quot;:&quot;fadeInDown&quot;}\" data-widget_type=\"button.default\">\n\t\t\t\t<div class=\"elementor-widget-container\">\n\t\t\t\t\t\t\t\t\t<div class=\"elementor-button-wrapper\">\n\t\t\t\t\t<a class=\"elementor-button elementor-button-link elementor-size-sm\" href=\"https:\/\/www.vmcservices.cat\/cat\/servicios\/administracion-de-comunidades\/\">\n\t\t\t\t\t\t<span class=\"elementor-button-content-wrapper\">\n\t\t\t\t\t\t\t\t\t<span class=\"elementor-button-text\">Veure m\u00e9s<\/span>\n\t\t\t\t\t<\/span>\n\t\t\t\t\t<\/a>\n\t\t\t\t<\/div>\n\t\t\t\t\t\t\t\t<\/div>\n\t\t\t\t<\/div>\n\t\t\t\t<\/div>\n\t\t\t\t<\/div>\n\t\t\t\t\t<\/div>\n\t\t\t\t<\/div>\n\t\t<div class=\"elementor-element elementor-element-c1ebe7b e-flex e-con-boxed e-con e-parent\" data-id=\"c1ebe7b\" data-element_type=\"container\" data-settings=\"{&quot;background_background&quot;:&quot;classic&quot;}\">\n\t\t\t\t\t<div class=\"e-con-inner\">\n\t\t<div class=\"elementor-element elementor-element-0279c03 e-con-full e-flex e-con e-child\" data-id=\"0279c03\" data-element_type=\"container\">\n\t\t<div class=\"elementor-element elementor-element-2188f7c e-con-full e-flex e-con e-child\" data-id=\"2188f7c\" data-element_type=\"container\">\n\t\t\t\t<div class=\"elementor-element elementor-element-a513630 elementor-invisible elementor-widget elementor-widget-text-editor\" data-id=\"a513630\" data-element_type=\"widget\" data-settings=\"{&quot;_animation&quot;:&quot;fadeInDown&quot;}\" data-widget_type=\"text-editor.default\">\n\t\t\t\t<div class=\"elementor-widget-container\">\n\t\t\t\t\t\t\t\t\t<p>A VMC Services, em comprometo a oferir-te les millors opcions d&#039;assegurances del mercat, adaptades a les teves necessitats i pressupost. Contacta amb mi per rebre assessoria personalitzada i descobreix com et puc ajudar a protegir el que m\u00e9s valores. La teva tranquil\u00b7litat \u00e9s la meva prioritat!<\/p>\t\t\t\t\t\t\t\t<\/div>\n\t\t\t\t<\/div>\n\t\t\t\t<\/div>\n\t\t\t\t<\/div>\n\t\t\t\t\t<\/div>\n\t\t\t\t<\/div>\n\t\t\t\t<\/div>","protected":false},"excerpt":{"rendered":"<p>Prot\u00e9gete con los mejores seguros de VMC Services Home Servicios En VMC Services, ofrezco una amplia variedad de seguros dise\u00f1ados para brindarte la tranquilidad que necesitas, sin importar tu perfil o situaci\u00f3n. Me adapto tanto a las necesidades de particulares, como a las de empresas y aut\u00f3nomos, ofreciendo productos personalizados y de alta calidad. A [&hellip;]<\/p>","protected":false},"author":1,"featured_media":0,"parent":189,"menu_order":0,"comment_status":"closed","ping_status":"closed","template":"","meta":{"footnotes":""},"class_list":["post-205","page","type-page","status-publish","hentry"],"_links":{"self":[{"href":"https:\/\/www.vmcservices.cat\/cat\/wp-json\/wp\/v2\/pages\/205","targetHints":{"allow":["GET"]}}],"collection":[{"href":"https:\/\/www.vmcservices.cat\/cat\/wp-json\/wp\/v2\/pages"}],"about":[{"href":"https:\/\/www.vmcservices.cat\/cat\/wp-json\/wp\/v2\/types\/page"}],"author":[{"embeddable":true,"href":"https:\/\/www.vmcservices.cat\/cat\/wp-json\/wp\/v2\/users\/1"}],"replies":[{"embeddable":true,"href":"https:\/\/www.vmcservices.cat\/cat\/wp-json\/wp\/v2\/comments?post=205"}],"version-history":[{"count":58,"href":"https:\/\/www.vmcservices.cat\/cat\/wp-json\/wp\/v2\/pages\/205\/revisions"}],"predecessor-version":[{"id":1961,"href":"https:\/\/www.vmcservices.cat\/cat\/wp-json\/wp\/v2\/pages\/205\/revisions\/1961"}],"up":[{"embeddable":true,"href":"https:\/\/www.vmcservices.cat\/cat\/wp-json\/wp\/v2\/pages\/189"}],"wp:attachment":[{"href":"https:\/\/www.vmcservices.cat\/cat\/wp-json\/wp\/v2\/media?parent=205"}],"curies":[{"name":"wp","href":"https:\/\/api.w.org\/{rel}","templated":true}]}}