{"id":189,"date":"2024-11-05T15:29:09","date_gmt":"2024-11-05T15:29:09","guid":{"rendered":"http:\/\/www.vmcservices.cat\/?page_id=189"},"modified":"2024-11-19T15:41:29","modified_gmt":"2024-11-19T15:41:29","slug":"servicios","status":"publish","type":"page","link":"https:\/\/www.vmcservices.cat\/cat\/servicios\/","title":{"rendered":"Serveis"},"content":{"rendered":"<div data-elementor-type=\"wp-page\" data-elementor-id=\"189\" class=\"elementor elementor-189\" data-elementor-post-type=\"page\">\n\t\t\t\t<div class=\"elementor-element elementor-element-6b8c1cb5 e-flex e-con-boxed e-con e-parent\" data-id=\"6b8c1cb5\" data-element_type=\"container\" data-settings=\"{&quot;background_background&quot;:&quot;classic&quot;}\">\n\t\t\t\t\t<div class=\"e-con-inner\">\n\t\t\t\t<div class=\"elementor-element elementor-element-22d9336b elementor-widget__width-initial elementor-invisible elementor-widget elementor-widget-heading\" data-id=\"22d9336b\" data-element_type=\"widget\" data-settings=\"{&quot;_animation&quot;:&quot;fadeInDown&quot;}\" data-widget_type=\"heading.default\">\n\t\t\t\t<div class=\"elementor-widget-container\">\n\t\t\t\t\t<h1 class=\"elementor-heading-title elementor-size-default\">Solucions professionals de VMC Services per a la teva tranquil\u00b7litat<\/h1>\t\t\t\t<\/div>\n\t\t\t\t<\/div>\n\t\t\t\t<div class=\"elementor-element elementor-element-da20489 elementor-icon-list--layout-inline elementor-align-center elementor-hidden-mobile elementor-list-item-link-full_width elementor-invisible elementor-widget elementor-widget-icon-list\" data-id=\"da20489\" data-element_type=\"widget\" data-settings=\"{&quot;_animation&quot;:&quot;fadeInDown&quot;}\" data-widget_type=\"icon-list.default\">\n\t\t\t\t<div class=\"elementor-widget-container\">\n\t\t\t\t\t\t\t<ul class=\"elementor-icon-list-items elementor-inline-items\">\n\t\t\t\t\t\t\t<li class=\"elementor-icon-list-item elementor-inline-item\">\n\t\t\t\t\t\t\t\t\t\t\t<a href=\"https:\/\/www.vmcservices.cat\/cat\">\n\n\t\t\t\t\t\t\t\t\t\t\t<span class=\"elementor-icon-list-text\">Home<\/span>\n\t\t\t\t\t\t\t\t\t\t\t<\/a>\n\t\t\t\t\t\t\t\t\t<\/li>\n\t\t\t\t\t\t\t\t<li class=\"elementor-icon-list-item elementor-inline-item\">\n\t\t\t\t\t\t\t\t\t\t\t<span class=\"elementor-icon-list-icon\">\n\t\t\t\t\t\t\t<i aria-hidden=\"true\" class=\"icon icon-right-arrow\"><\/i>\t\t\t\t\t\t<\/span>\n\t\t\t\t\t\t\t\t\t\t<span class=\"elementor-icon-list-text\">Serveis<\/span>\n\t\t\t\t\t\t\t\t\t<\/li>\n\t\t\t\t\t\t<\/ul>\n\t\t\t\t\t\t<\/div>\n\t\t\t\t<\/div>\n\t\t\t\t\t<\/div>\n\t\t\t\t<\/div>\n\t\t<div class=\"elementor-element elementor-element-30bdf803 e-flex e-con-boxed e-con e-parent\" data-id=\"30bdf803\" data-element_type=\"container\" data-settings=\"{&quot;background_background&quot;:&quot;classic&quot;}\">\n\t\t\t\t\t<div class=\"e-con-inner\">\n\t\t<div class=\"elementor-element elementor-element-4be37b06 e-con-full e-flex e-con e-child\" data-id=\"4be37b06\" data-element_type=\"container\">\n\t\t<div class=\"elementor-element elementor-element-5e55caa9 e-con-full e-flex e-con e-child\" data-id=\"5e55caa9\" data-element_type=\"container\">\n\t\t\t\t<div class=\"elementor-element elementor-element-2006f580 elementor-invisible elementor-widget elementor-widget-text-editor\" data-id=\"2006f580\" data-element_type=\"widget\" data-settings=\"{&quot;_animation&quot;:&quot;fadeInDown&quot;}\" data-widget_type=\"text-editor.default\">\n\t\t\t\t<div class=\"elementor-widget-container\">\n\t\t\t\t\t\t\t\t\t<div class=\"flex max-w-full flex-col flex-grow\"><div class=\"min-h-8 text-message flex w-full flex-col items-end gap-2 whitespace-normal break-words [.text-message+&amp;]:mt-5\" dir=\"auto\" data-message-author-role=\"assistant\" data-message-id=\"f9284cfb-6101-4b64-ad80-574a55e63030\" data-message-model-slug=\"gpt-4o\"><div class=\"flex w-full flex-col gap-1 empty:hidden first:pt-[3px]\"><div class=\"markdown prose w-full break-words dark:prose-invert light\"><p>A VMC Services, m&#039;especialitzo en l&#039;administraci\u00f3 de comunitats de propietaris, oferint un servei integral i professional que garanteix un entorn harmoni\u00f3s i ben gestionat. El meu objectiu \u00e9s facilitar la vida dels propietaris, permetent gaudir de la seva comunitat sense haver de preocupar-se pels aspectes administratius.<\/p><\/div><\/div><\/div><\/div>\t\t\t\t\t\t\t\t<\/div>\n\t\t\t\t<\/div>\n\t\t\t\t<\/div>\n\t\t\t\t<\/div>\n\t\t<div class=\"elementor-element elementor-element-032b495 e-con-full e-flex e-con e-child\" data-id=\"032b495\" data-element_type=\"container\">\n\t\t<div class=\"elementor-element elementor-element-2ce41e6 e-flex e-con-boxed e-con e-child\" data-id=\"2ce41e6\" data-element_type=\"container\" data-settings=\"{&quot;background_background&quot;:&quot;classic&quot;}\">\n\t\t\t\t\t<div class=\"e-con-inner\">\n\t\t<div class=\"elementor-element elementor-element-7535098 e-con-full e-flex e-con e-child\" data-id=\"7535098\" data-element_type=\"container\">\n\t\t\t\t<div class=\"elementor-element elementor-element-f36debd elementor-invisible elementor-widget elementor-widget-image\" data-id=\"f36debd\" data-element_type=\"widget\" data-settings=\"{&quot;_animation&quot;:&quot;fadeInDown&quot;}\" data-widget_type=\"image.default\">\n\t\t\t\t<div class=\"elementor-widget-container\">\n\t\t\t\t\t\t\t\t\t\t\t\t\t\t\t<img fetchpriority=\"high\" decoding=\"async\" width=\"800\" height=\"450\" src=\"https:\/\/www.vmcservices.cat\/wp-content\/uploads\/2024\/11\/15.-administracion-de-comunidades-1024x576.jpg\" class=\"attachment-large size-large wp-image-857\" alt=\"\" srcset=\"https:\/\/www.vmcservices.cat\/wp-content\/uploads\/2024\/11\/15.-administracion-de-comunidades-1024x576.jpg 1024w, https:\/\/www.vmcservices.cat\/wp-content\/uploads\/2024\/11\/15.-administracion-de-comunidades-300x169.jpg 300w, https:\/\/www.vmcservices.cat\/wp-content\/uploads\/2024\/11\/15.-administracion-de-comunidades-768x432.jpg 768w, https:\/\/www.vmcservices.cat\/wp-content\/uploads\/2024\/11\/15.-administracion-de-comunidades-1536x864.jpg 1536w, https:\/\/www.vmcservices.cat\/wp-content\/uploads\/2024\/11\/15.-administracion-de-comunidades.jpg 1920w\" sizes=\"(max-width: 800px) 100vw, 800px\" \/>\t\t\t\t\t\t\t\t\t\t\t\t\t\t\t<\/div>\n\t\t\t\t<\/div>\n\t\t\t\t<div class=\"elementor-element elementor-element-3397001 elementor-invisible elementor-widget elementor-widget-heading\" data-id=\"3397001\" data-element_type=\"widget\" data-settings=\"{&quot;_animation&quot;:&quot;fadeInDown&quot;}\" data-widget_type=\"heading.default\">\n\t\t\t\t<div class=\"elementor-widget-container\">\n\t\t\t\t\t<h3 class=\"elementor-heading-title elementor-size-default\">Administraci\u00f3 de comunitats<\/h3>\t\t\t\t<\/div>\n\t\t\t\t<\/div>\n\t\t\t\t<div class=\"elementor-element elementor-element-d966151 elementor-invisible elementor-widget elementor-widget-text-editor\" data-id=\"d966151\" data-element_type=\"widget\" data-settings=\"{&quot;_animation&quot;:&quot;fadeInDown&quot;}\" data-widget_type=\"text-editor.default\">\n\t\t\t\t<div class=\"elementor-widget-container\">\n\t\t\t\t\t\t\t\t\t<div class=\"flex max-w-full flex-col flex-grow\"><div class=\"min-h-8 text-message flex w-full flex-col items-end gap-2 whitespace-normal break-words [.text-message+&amp;]:mt-5\" dir=\"auto\" data-message-author-role=\"assistant\" data-message-id=\"49e7545f-5ff1-469a-bd49-87d5f36d0073\" data-message-model-slug=\"gpt-4o\"><div class=\"flex w-full flex-col gap-1 empty:hidden first:pt-[3px]\"><div class=\"markdown prose w-full break-words dark:prose-invert light\"><div class=\"flex max-w-full flex-col flex-grow\"><div class=\"min-h-8 text-message flex w-full flex-col items-end gap-2 whitespace-normal break-words [.text-message+&amp;]:mt-5\" dir=\"auto\" data-message-author-role=\"assistant\" data-message-id=\"322d3c58-a33e-4aa7-a5f6-8cb2bbf84597\" data-message-model-slug=\"gpt-4o-mini\"><div class=\"flex w-full flex-col gap-1 empty:hidden first:pt-[3px]\"><div class=\"markdown prose w-full break-words dark:prose-invert light\"><p>La meva especialitat \u00e9s la gesti\u00f3 integral de comunitats de propietaris. M&#039;ocupo de tots els aspectes administratius, incloent-hi la comptabilitat, la convocat\u00f2ria i l&#039;organitzaci\u00f3 de reunions, la transcripci\u00f3 d&#039;acords i l&#039;execuci\u00f3 de les decisions preses en assemblees. i la cobran\u00e7a de quotes, garantint que cada comunitat funcioni de manera harmoniosa i eficient.<\/p><\/div><\/div><\/div><\/div><div class=\"mb-2 flex gap-3 empty:hidden -ml-2\"><div class=\"items-center justify-start rounded-xl p-1 flex\"><div class=\"flex items-center\"><div class=\"flex\">\u00a0<\/div><div class=\"flex items-center pb-0\">\u00a0<\/div><\/div><\/div><\/div><\/div><\/div><\/div><\/div>\t\t\t\t\t\t\t\t<\/div>\n\t\t\t\t<\/div>\n\t\t\t\t<\/div>\n\t\t\t\t<div class=\"elementor-element elementor-element-a9958de elementor-align-justify elementor-invisible elementor-widget elementor-widget-button\" data-id=\"a9958de\" data-element_type=\"widget\" data-settings=\"{&quot;_animation&quot;:&quot;fadeInDown&quot;}\" data-widget_type=\"button.default\">\n\t\t\t\t<div class=\"elementor-widget-container\">\n\t\t\t\t\t\t\t\t\t<div class=\"elementor-button-wrapper\">\n\t\t\t\t\t<a class=\"elementor-button elementor-button-link elementor-size-sm\" href=\"https:\/\/www.vmcservices.cat\/cat\/servicios\/administracion-de-comunidades\/\">\n\t\t\t\t\t\t<span class=\"elementor-button-content-wrapper\">\n\t\t\t\t\t\t\t\t\t<span class=\"elementor-button-text\">Veure m\u00e9s<\/span>\n\t\t\t\t\t<\/span>\n\t\t\t\t\t<\/a>\n\t\t\t\t<\/div>\n\t\t\t\t\t\t\t\t<\/div>\n\t\t\t\t<\/div>\n\t\t\t\t\t<\/div>\n\t\t\t\t<\/div>\n\t\t<div class=\"elementor-element elementor-element-d429def e-con-full e-flex e-con e-child\" data-id=\"d429def\" data-element_type=\"container\" data-settings=\"{&quot;background_background&quot;:&quot;classic&quot;}\">\n\t\t<div class=\"elementor-element elementor-element-54efa36 e-con-full e-flex e-con e-child\" data-id=\"54efa36\" data-element_type=\"container\">\n\t\t\t\t<div class=\"elementor-element elementor-element-30b0d56 elementor-invisible elementor-widget elementor-widget-image\" data-id=\"30b0d56\" data-element_type=\"widget\" data-settings=\"{&quot;_animation&quot;:&quot;fadeInDown&quot;}\" data-widget_type=\"image.default\">\n\t\t\t\t<div class=\"elementor-widget-container\">\n\t\t\t\t\t\t\t\t\t\t\t\t\t\t\t<img decoding=\"async\" width=\"800\" height=\"450\" src=\"https:\/\/www.vmcservices.cat\/wp-content\/uploads\/2024\/11\/16.-seguros-1024x576.jpg\" class=\"attachment-large size-large wp-image-861\" alt=\"\" srcset=\"https:\/\/www.vmcservices.cat\/wp-content\/uploads\/2024\/11\/16.-seguros-1024x576.jpg 1024w, https:\/\/www.vmcservices.cat\/wp-content\/uploads\/2024\/11\/16.-seguros-300x169.jpg 300w, https:\/\/www.vmcservices.cat\/wp-content\/uploads\/2024\/11\/16.-seguros-768x432.jpg 768w, https:\/\/www.vmcservices.cat\/wp-content\/uploads\/2024\/11\/16.-seguros-1536x864.jpg 1536w, https:\/\/www.vmcservices.cat\/wp-content\/uploads\/2024\/11\/16.-seguros.jpg 1920w\" sizes=\"(max-width: 800px) 100vw, 800px\" \/>\t\t\t\t\t\t\t\t\t\t\t\t\t\t\t<\/div>\n\t\t\t\t<\/div>\n\t\t\t\t<div class=\"elementor-element elementor-element-8f8223d elementor-invisible elementor-widget elementor-widget-heading\" data-id=\"8f8223d\" data-element_type=\"widget\" data-settings=\"{&quot;_animation&quot;:&quot;fadeInDown&quot;}\" data-widget_type=\"heading.default\">\n\t\t\t\t<div class=\"elementor-widget-container\">\n\t\t\t\t\t<h3 class=\"elementor-heading-title elementor-size-default\">Assegurances<\/h3>\t\t\t\t<\/div>\n\t\t\t\t<\/div>\n\t\t\t\t<div class=\"elementor-element elementor-element-0727a17 elementor-invisible elementor-widget elementor-widget-text-editor\" data-id=\"0727a17\" data-element_type=\"widget\" data-settings=\"{&quot;_animation&quot;:&quot;fadeInDown&quot;}\" data-widget_type=\"text-editor.default\">\n\t\t\t\t<div class=\"elementor-widget-container\">\n\t\t\t\t\t\t\t\t\t<p>A VMC Services, ofereixo una varietat d&#039;assegurances adaptades a les teves necessitats espec\u00edfiques. Des d&#039;assegurances per a la llar i vehicles, fins a assegurances de vida, salut, estalvi i jubilaci\u00f3, s\u00f3c aqu\u00ed per assessorar-te i ajudar-te a triar la cobertura adequada. Col\u00b7laboro amb les principals asseguradores del mercat per brindar-te opcions competitives i de qualitat, assegurant la teva tranquil\u00b7litat i la dels teus \u00e9ssers estimats.<\/p>\t\t\t\t\t\t\t\t<\/div>\n\t\t\t\t<\/div>\n\t\t\t\t<\/div>\n\t\t\t\t<div class=\"elementor-element elementor-element-b5c0a07 elementor-align-justify elementor-invisible elementor-widget elementor-widget-button\" data-id=\"b5c0a07\" data-element_type=\"widget\" data-settings=\"{&quot;_animation&quot;:&quot;fadeInDown&quot;}\" data-widget_type=\"button.default\">\n\t\t\t\t<div class=\"elementor-widget-container\">\n\t\t\t\t\t\t\t\t\t<div class=\"elementor-button-wrapper\">\n\t\t\t\t\t<a class=\"elementor-button elementor-button-link elementor-size-sm\" href=\"https:\/\/www.vmcservices.cat\/cat\/servicios\/seguros\/\">\n\t\t\t\t\t\t<span class=\"elementor-button-content-wrapper\">\n\t\t\t\t\t\t\t\t\t<span class=\"elementor-button-text\">Veure m\u00e9s<\/span>\n\t\t\t\t\t<\/span>\n\t\t\t\t\t<\/a>\n\t\t\t\t<\/div>\n\t\t\t\t\t\t\t\t<\/div>\n\t\t\t\t<\/div>\n\t\t\t\t<\/div>\n\t\t<div class=\"elementor-element elementor-element-3f7e222 e-con-full e-flex e-con e-child\" data-id=\"3f7e222\" data-element_type=\"container\" data-settings=\"{&quot;background_background&quot;:&quot;classic&quot;}\">\n\t\t<div class=\"elementor-element elementor-element-38e89e8 e-con-full e-flex e-con e-child\" data-id=\"38e89e8\" data-element_type=\"container\">\n\t\t\t\t<div class=\"elementor-element elementor-element-676f80c elementor-invisible elementor-widget elementor-widget-image\" data-id=\"676f80c\" data-element_type=\"widget\" data-settings=\"{&quot;_animation&quot;:&quot;fadeInDown&quot;}\" data-widget_type=\"image.default\">\n\t\t\t\t<div class=\"elementor-widget-container\">\n\t\t\t\t\t\t\t\t\t\t\t\t\t\t\t<img decoding=\"async\" width=\"800\" height=\"450\" src=\"https:\/\/www.vmcservices.cat\/wp-content\/uploads\/2024\/11\/91.-gestiones-y-tramites-administrativos-1024x576.jpg\" class=\"attachment-large size-large wp-image-865\" alt=\"\" srcset=\"https:\/\/www.vmcservices.cat\/wp-content\/uploads\/2024\/11\/91.-gestiones-y-tramites-administrativos-1024x576.jpg 1024w, https:\/\/www.vmcservices.cat\/wp-content\/uploads\/2024\/11\/91.-gestiones-y-tramites-administrativos-300x169.jpg 300w, https:\/\/www.vmcservices.cat\/wp-content\/uploads\/2024\/11\/91.-gestiones-y-tramites-administrativos-768x432.jpg 768w, https:\/\/www.vmcservices.cat\/wp-content\/uploads\/2024\/11\/91.-gestiones-y-tramites-administrativos-1536x864.jpg 1536w, https:\/\/www.vmcservices.cat\/wp-content\/uploads\/2024\/11\/91.-gestiones-y-tramites-administrativos.jpg 1920w\" sizes=\"(max-width: 800px) 100vw, 800px\" \/>\t\t\t\t\t\t\t\t\t\t\t\t\t\t\t<\/div>\n\t\t\t\t<\/div>\n\t\t\t\t<div class=\"elementor-element elementor-element-70e38e5 elementor-invisible elementor-widget elementor-widget-heading\" data-id=\"70e38e5\" data-element_type=\"widget\" data-settings=\"{&quot;_animation&quot;:&quot;fadeInDown&quot;}\" data-widget_type=\"heading.default\">\n\t\t\t\t<div class=\"elementor-widget-container\">\n\t\t\t\t\t<h3 class=\"elementor-heading-title elementor-size-default\">Gestions i tr\u00e0mits administratius<\/h3>\t\t\t\t<\/div>\n\t\t\t\t<\/div>\n\t\t\t\t<div class=\"elementor-element elementor-element-c33225a elementor-invisible elementor-widget elementor-widget-text-editor\" data-id=\"c33225a\" data-element_type=\"widget\" data-settings=\"{&quot;_animation&quot;:&quot;fadeInDown&quot;}\" data-widget_type=\"text-editor.default\">\n\t\t\t\t<div class=\"elementor-widget-container\">\n\t\t\t\t\t\t\t\t\t<p>Simplifico la burocr\u00e0cia perqu\u00e8 no t&#039;hagis de preocupar. El meu servei de gestions i tr\u00e0mits administratius inclou la confecci\u00f3 i la presentaci\u00f3 de l&#039;IRNR (Impost de No Residents) i la tramitaci\u00f3 de qualsevol gesti\u00f3 administrativa que necessitis. A m\u00e9s, ofereixo serveis de manteniment per a instal\u00b7lacions com piscines i jardins, aix\u00ed com treballs de paleta i electricitat, assegurant que els teus espais estiguin sempre en \u00f2ptimes condicions.<\/p>\t\t\t\t\t\t\t\t<\/div>\n\t\t\t\t<\/div>\n\t\t\t\t<\/div>\n\t\t\t\t<div class=\"elementor-element elementor-element-99e1225 elementor-align-justify elementor-invisible elementor-widget elementor-widget-button\" data-id=\"99e1225\" data-element_type=\"widget\" data-settings=\"{&quot;_animation&quot;:&quot;fadeInDown&quot;}\" data-widget_type=\"button.default\">\n\t\t\t\t<div class=\"elementor-widget-container\">\n\t\t\t\t\t\t\t\t\t<div class=\"elementor-button-wrapper\">\n\t\t\t\t\t<a class=\"elementor-button elementor-button-link elementor-size-sm\" href=\"https:\/\/www.vmcservices.cat\/cat\/servicios\/gestiones-y-tramites-administrativos\/\">\n\t\t\t\t\t\t<span class=\"elementor-button-content-wrapper\">\n\t\t\t\t\t\t\t\t\t<span class=\"elementor-button-text\">Veure m\u00e9s<\/span>\n\t\t\t\t\t<\/span>\n\t\t\t\t\t<\/a>\n\t\t\t\t<\/div>\n\t\t\t\t\t\t\t\t<\/div>\n\t\t\t\t<\/div>\n\t\t\t\t<\/div>\n\t\t\t\t<\/div>\n\t\t\t\t\t<\/div>\n\t\t\t\t<\/div>\n\t\t\t\t<\/div>","protected":false},"excerpt":{"rendered":"<p>Solucions professionals de VMC Services per a la teva tranquil\u00b7litat Home A VMC Services, m&#039;especialitzo en l&#039;administraci\u00f3 de comunitats de propietaris, oferint un servei integral i professional que garanteix un entorn harmoni\u00f3s i ben gestionat. El meu objectiu \u00e9s facilitar la vida dels propietaris, permetent gaudir de la seva comunitat sense haver de preocupar-se pels [\u2026]<\/p>","protected":false},"author":1,"featured_media":0,"parent":0,"menu_order":0,"comment_status":"closed","ping_status":"closed","template":"","meta":{"footnotes":""},"class_list":["post-189","page","type-page","status-publish","hentry"],"_links":{"self":[{"href":"https:\/\/www.vmcservices.cat\/cat\/wp-json\/wp\/v2\/pages\/189","targetHints":{"allow":["GET"]}}],"collection":[{"href":"https:\/\/www.vmcservices.cat\/cat\/wp-json\/wp\/v2\/pages"}],"about":[{"href":"https:\/\/www.vmcservices.cat\/cat\/wp-json\/wp\/v2\/types\/page"}],"author":[{"embeddable":true,"href":"https:\/\/www.vmcservices.cat\/cat\/wp-json\/wp\/v2\/users\/1"}],"replies":[{"embeddable":true,"href":"https:\/\/www.vmcservices.cat\/cat\/wp-json\/wp\/v2\/comments?post=189"}],"version-history":[{"count":91,"href":"https:\/\/www.vmcservices.cat\/cat\/wp-json\/wp\/v2\/pages\/189\/revisions"}],"predecessor-version":[{"id":1909,"href":"https:\/\/www.vmcservices.cat\/cat\/wp-json\/wp\/v2\/pages\/189\/revisions\/1909"}],"wp:attachment":[{"href":"https:\/\/www.vmcservices.cat\/cat\/wp-json\/wp\/v2\/media?parent=189"}],"curies":[{"name":"wp","href":"https:\/\/api.w.org\/{rel}","templated":true}]}}