{"id":187,"date":"2024-11-05T15:28:58","date_gmt":"2024-11-05T15:28:58","guid":{"rendered":"http:\/\/www.vmcservices.cat\/?page_id=187"},"modified":"2024-11-19T15:38:40","modified_gmt":"2024-11-19T15:38:40","slug":"sobre-mi","status":"publish","type":"page","link":"https:\/\/www.vmcservices.cat\/cat\/sobre-mi\/","title":{"rendered":"Sobre mi"},"content":{"rendered":"<div data-elementor-type=\"wp-page\" data-elementor-id=\"187\" class=\"elementor elementor-187\" data-elementor-post-type=\"page\">\n\t\t\t\t<div class=\"elementor-element elementor-element-75bc56a3 e-flex e-con-boxed e-con e-parent\" data-id=\"75bc56a3\" data-element_type=\"container\" data-settings=\"{&quot;background_background&quot;:&quot;classic&quot;}\">\n\t\t\t\t\t<div class=\"e-con-inner\">\n\t\t\t\t<div class=\"elementor-element elementor-element-6a49f2a8 elementor-invisible elementor-widget elementor-widget-heading\" data-id=\"6a49f2a8\" data-element_type=\"widget\" data-settings=\"{&quot;_animation&quot;:&quot;fadeInDown&quot;}\" data-widget_type=\"heading.default\">\n\t\t\t\t<div class=\"elementor-widget-container\">\n\t\t\t\t\t<h1 class=\"elementor-heading-title elementor-size-default\">Coneix-me: Fundador i responsable de VMC Services<\/h1>\t\t\t\t<\/div>\n\t\t\t\t<\/div>\n\t\t\t\t<div class=\"elementor-element elementor-element-18bc4542 elementor-icon-list--layout-inline elementor-align-center elementor-hidden-mobile elementor-list-item-link-full_width elementor-invisible elementor-widget elementor-widget-icon-list\" data-id=\"18bc4542\" data-element_type=\"widget\" data-settings=\"{&quot;_animation&quot;:&quot;fadeInDown&quot;}\" data-widget_type=\"icon-list.default\">\n\t\t\t\t<div class=\"elementor-widget-container\">\n\t\t\t\t\t\t\t<ul class=\"elementor-icon-list-items elementor-inline-items\">\n\t\t\t\t\t\t\t<li class=\"elementor-icon-list-item elementor-inline-item\">\n\t\t\t\t\t\t\t\t\t\t\t<a href=\"https:\/\/www.vmcservices.cat\/cat\">\n\n\t\t\t\t\t\t\t\t\t\t\t<span class=\"elementor-icon-list-text\">Home<\/span>\n\t\t\t\t\t\t\t\t\t\t\t<\/a>\n\t\t\t\t\t\t\t\t\t<\/li>\n\t\t\t\t\t\t\t\t<li class=\"elementor-icon-list-item elementor-inline-item\">\n\t\t\t\t\t\t\t\t\t\t\t<span class=\"elementor-icon-list-icon\">\n\t\t\t\t\t\t\t<i aria-hidden=\"true\" class=\"icon icon-right-arrow\"><\/i>\t\t\t\t\t\t<\/span>\n\t\t\t\t\t\t\t\t\t\t<span class=\"elementor-icon-list-text\">Sobre mi<\/span>\n\t\t\t\t\t\t\t\t\t<\/li>\n\t\t\t\t\t\t<\/ul>\n\t\t\t\t\t\t<\/div>\n\t\t\t\t<\/div>\n\t\t\t\t\t<\/div>\n\t\t\t\t<\/div>\n\t\t<div class=\"elementor-element elementor-element-6400f1fc e-flex e-con-boxed e-con e-parent\" data-id=\"6400f1fc\" data-element_type=\"container\" data-settings=\"{&quot;background_background&quot;:&quot;classic&quot;}\">\n\t\t\t\t\t<div class=\"e-con-inner\">\n\t\t<div class=\"elementor-element elementor-element-e12a10e e-con-full e-flex e-con e-child\" data-id=\"e12a10e\" data-element_type=\"container\">\n\t\t<div class=\"elementor-element elementor-element-538b85d7 e-con-full e-flex e-con e-child\" data-id=\"538b85d7\" data-element_type=\"container\" data-settings=\"{&quot;background_background&quot;:&quot;classic&quot;}\">\n\t\t\t\t<\/div>\n\t\t\t\t<\/div>\n\t\t<div class=\"elementor-element elementor-element-6cc1c2dc e-con-full e-flex e-con e-child\" data-id=\"6cc1c2dc\" data-element_type=\"container\" data-settings=\"{&quot;background_background&quot;:&quot;classic&quot;}\">\n\t\t\t\t<div class=\"elementor-element elementor-element-472236a3 elementor-invisible elementor-widget elementor-widget-text-editor\" data-id=\"472236a3\" data-element_type=\"widget\" data-settings=\"{&quot;_animation&quot;:&quot;fadeInDown&quot;}\" data-widget_type=\"text-editor.default\">\n\t\t\t\t<div class=\"elementor-widget-container\">\n\t\t\t\t\t\t\t\t\t<p>Hola! S\u00f3c V\u00edctor Gonz\u00e1lez, fundador i responsable de VMC Services. Vaig crear aquesta empresa amb un objectiu clar: oferir un servei complet i personalitzat a la gesti\u00f3 de comunitats de propietaris i proporcionar una \u00e0mplia gamma d&#039;assegurances per garantir la tranquil\u00b7litat dels nostres clients.<\/p>\t\t\t\t\t\t\t\t<\/div>\n\t\t\t\t<\/div>\n\t\t\t\t<div class=\"elementor-element elementor-element-3a07f2a4 elementor-align-left elementor-widget__width-initial elementor-invisible elementor-widget elementor-widget-button\" data-id=\"3a07f2a4\" data-element_type=\"widget\" data-settings=\"{&quot;_animation&quot;:&quot;fadeInDown&quot;}\" data-widget_type=\"button.default\">\n\t\t\t\t<div class=\"elementor-widget-container\">\n\t\t\t\t\t\t\t\t\t<div class=\"elementor-button-wrapper\">\n\t\t\t\t\t<a class=\"elementor-button elementor-button-link elementor-size-sm\" href=\"https:\/\/www.vmcservices.cat\/cat\/contacto\/\">\n\t\t\t\t\t\t<span class=\"elementor-button-content-wrapper\">\n\t\t\t\t\t\t\t\t\t<span class=\"elementor-button-text\">Contactar<\/span>\n\t\t\t\t\t<\/span>\n\t\t\t\t\t<\/a>\n\t\t\t\t<\/div>\n\t\t\t\t\t\t\t\t<\/div>\n\t\t\t\t<\/div>\n\t\t\t\t<\/div>\n\t\t\t\t\t<\/div>\n\t\t\t\t<\/div>\n\t\t<div class=\"elementor-element elementor-element-e66da0f e-flex e-con-boxed e-con e-parent\" data-id=\"e66da0f\" data-element_type=\"container\" data-settings=\"{&quot;background_background&quot;:&quot;classic&quot;}\">\n\t\t\t\t\t<div class=\"e-con-inner\">\n\t\t<div class=\"elementor-element elementor-element-faba8b1 e-con-full e-flex e-con e-child\" data-id=\"faba8b1\" data-element_type=\"container\">\n\t\t<div class=\"elementor-element elementor-element-6fbc62e e-con-full e-flex e-con e-child\" data-id=\"6fbc62e\" data-element_type=\"container\" data-settings=\"{&quot;background_background&quot;:&quot;classic&quot;}\">\n\t\t\t\t<\/div>\n\t\t\t\t<\/div>\n\t\t<div class=\"elementor-element elementor-element-05894b2 e-con-full e-flex e-con e-child\" data-id=\"05894b2\" data-element_type=\"container\" data-settings=\"{&quot;background_background&quot;:&quot;classic&quot;}\">\n\t\t\t\t<div class=\"elementor-element elementor-element-b13cb11 elementor-invisible elementor-widget elementor-widget-heading\" data-id=\"b13cb11\" data-element_type=\"widget\" data-settings=\"{&quot;_animation&quot;:&quot;fadeInDown&quot;}\" data-widget_type=\"heading.default\">\n\t\t\t\t<div class=\"elementor-widget-container\">\n\t\t\t\t\t<h2 class=\"elementor-heading-title elementor-size-default\">Traject\u00f2ria professional<\/h2>\t\t\t\t<\/div>\n\t\t\t\t<\/div>\n\t\t\t\t<div class=\"elementor-element elementor-element-bda56da elementor-invisible elementor-widget elementor-widget-text-editor\" data-id=\"bda56da\" data-element_type=\"widget\" data-settings=\"{&quot;_animation&quot;:&quot;fadeInDown&quot;}\" data-widget_type=\"text-editor.default\">\n\t\t\t\t<div class=\"elementor-widget-container\">\n\t\t\t\t\t\t\t\t\t<p>Compto amb anys d&#039;experi\u00e8ncia al sector, cosa que m&#039;ha perm\u00e8s consolidar una reputaci\u00f3 de confian\u00e7a i professionalisme. S\u00f3c membre de l&#039;Associaci\u00f3 Nacional d&#039;Administradors de Finques (N\u00fam. 34205) i Agent d&#039;Assegurances de Catalana Occident (N\u00fam. 8\/00048303), acreditacions que recolzen el meu comprom\u00eds amb l&#039;excel\u00b7l\u00e8ncia i la transpar\u00e8ncia en tots els serveis que oferim a VMC Services.<\/p>\t\t\t\t\t\t\t\t<\/div>\n\t\t\t\t<\/div>\n\t\t\t\t<\/div>\n\t\t\t\t\t<\/div>\n\t\t\t\t<\/div>\n\t\t<div class=\"elementor-element elementor-element-fa1b757 e-flex e-con-boxed e-con e-parent\" data-id=\"fa1b757\" data-element_type=\"container\" data-settings=\"{&quot;background_background&quot;:&quot;classic&quot;}\">\n\t\t\t\t\t<div class=\"e-con-inner\">\n\t\t<div class=\"elementor-element elementor-element-35af741 e-con-full e-flex e-con e-child\" data-id=\"35af741\" data-element_type=\"container\">\n\t\t<div class=\"elementor-element elementor-element-975998b e-con-full e-flex e-con e-child\" data-id=\"975998b\" data-element_type=\"container\" data-settings=\"{&quot;background_background&quot;:&quot;classic&quot;}\">\n\t\t\t\t<\/div>\n\t\t\t\t<\/div>\n\t\t<div class=\"elementor-element elementor-element-3d52eb3 e-con-full e-flex e-con e-child\" data-id=\"3d52eb3\" data-element_type=\"container\" data-settings=\"{&quot;background_background&quot;:&quot;classic&quot;}\">\n\t\t\t\t<div class=\"elementor-element elementor-element-63eb3a4 elementor-invisible elementor-widget elementor-widget-heading\" data-id=\"63eb3a4\" data-element_type=\"widget\" data-settings=\"{&quot;_animation&quot;:&quot;fadeInDown&quot;}\" data-widget_type=\"heading.default\">\n\t\t\t\t<div class=\"elementor-widget-container\">\n\t\t\t\t\t<h3 class=\"elementor-heading-title elementor-size-default\">El meu comprom\u00eds amb tu<\/h3>\t\t\t\t<\/div>\n\t\t\t\t<\/div>\n\t\t\t\t<div class=\"elementor-element elementor-element-b5eaf23 elementor-invisible elementor-widget elementor-widget-text-editor\" data-id=\"b5eaf23\" data-element_type=\"widget\" data-settings=\"{&quot;_animation&quot;:&quot;fadeInDown&quot;}\" data-widget_type=\"text-editor.default\">\n\t\t\t\t<div class=\"elementor-widget-container\">\n\t\t\t\t\t\t\t\t\t<p>La meva missi\u00f3 \u00e9s facilitar-te la vida, ja sigui a trav\u00e9s de la gesti\u00f3 eficient de la teva comunitat, oferint les millors assegurances per a la teva llar, vehicle o negoci, o ajudant-te amb qualsevol tr\u00e0mit administratiu. A VMC Services, cada client \u00e9s \u00fanic, per la qual cosa personalitzo les nostres solucions per ajustar-nos a les teves necessitats espec\u00edfiques.<\/p>\t\t\t\t\t\t\t\t<\/div>\n\t\t\t\t<\/div>\n\t\t\t\t<\/div>\n\t\t\t\t\t<\/div>\n\t\t\t\t<\/div>\n\t\t<div class=\"elementor-element elementor-element-79c0f86 e-flex e-con-boxed e-con e-parent\" data-id=\"79c0f86\" data-element_type=\"container\" data-settings=\"{&quot;background_background&quot;:&quot;classic&quot;}\">\n\t\t\t\t\t<div class=\"e-con-inner\">\n\t\t<div class=\"elementor-element elementor-element-76fa863 e-con-full e-flex e-con e-child\" data-id=\"76fa863\" data-element_type=\"container\">\n\t\t<div class=\"elementor-element elementor-element-dfb313a e-con-full e-flex e-con e-child\" data-id=\"dfb313a\" data-element_type=\"container\" data-settings=\"{&quot;background_background&quot;:&quot;classic&quot;}\">\n\t\t\t\t<\/div>\n\t\t\t\t<\/div>\n\t\t<div class=\"elementor-element elementor-element-5d7941e e-con-full e-flex e-con e-child\" data-id=\"5d7941e\" data-element_type=\"container\" data-settings=\"{&quot;background_background&quot;:&quot;classic&quot;}\">\n\t\t\t\t<div class=\"elementor-element elementor-element-2caddf5 elementor-invisible elementor-widget elementor-widget-heading\" data-id=\"2caddf5\" data-element_type=\"widget\" data-settings=\"{&quot;_animation&quot;:&quot;fadeInDown&quot;}\" data-widget_type=\"heading.default\">\n\t\t\t\t<div class=\"elementor-widget-container\">\n\t\t\t\t\t<h2 class=\"elementor-heading-title elementor-size-default\">Estic aqu\u00ed per ajudar-te<\/h2>\t\t\t\t<\/div>\n\t\t\t\t<\/div>\n\t\t\t\t<div class=\"elementor-element elementor-element-51e6844 elementor-invisible elementor-widget elementor-widget-text-editor\" data-id=\"51e6844\" data-element_type=\"widget\" data-settings=\"{&quot;_animation&quot;:&quot;fadeInDown&quot;}\" data-widget_type=\"text-editor.default\">\n\t\t\t\t<div class=\"elementor-widget-container\">\n\t\t\t\t\t\t\t\t\t<p>Estic a la teva disposici\u00f3 per qualsevol dubte o consulta que tinguis. Contacta amb mi sense cap comprom\u00eds i estar\u00e9 encantat d&#039;ajudar-te amb all\u00f2 que necessitis. La meva prioritat \u00e9s la teva tranquil\u00b7litat i oferir-te el millor servei possible. Parlem!<\/p>\t\t\t\t\t\t\t\t<\/div>\n\t\t\t\t<\/div>\n\t\t\t\t<\/div>\n\t\t\t\t\t<\/div>\n\t\t\t\t<\/div>\n\t\t\t\t<\/div>","protected":false},"excerpt":{"rendered":"<p>Con\u00f3ceme: Fundador y responsable de VMC Services Home \u00a1Hola! Soy V\u00edctor Gonz\u00e1lez, fundador y responsable de VMC Services. Cre\u00e9 esta empresa con un objetivo claro: ofrecer un servicio completo y personalizado en la gesti\u00f3n de comunidades de propietarios y proporcionar una amplia gama de seguros para garantizar la tranquilidad de nuestros clientes. Contactar Trayectoria profesional [&hellip;]<\/p>","protected":false},"author":1,"featured_media":0,"parent":0,"menu_order":0,"comment_status":"closed","ping_status":"closed","template":"","meta":{"footnotes":""},"class_list":["post-187","page","type-page","status-publish","hentry"],"_links":{"self":[{"href":"https:\/\/www.vmcservices.cat\/cat\/wp-json\/wp\/v2\/pages\/187","targetHints":{"allow":["GET"]}}],"collection":[{"href":"https:\/\/www.vmcservices.cat\/cat\/wp-json\/wp\/v2\/pages"}],"about":[{"href":"https:\/\/www.vmcservices.cat\/cat\/wp-json\/wp\/v2\/types\/page"}],"author":[{"embeddable":true,"href":"https:\/\/www.vmcservices.cat\/cat\/wp-json\/wp\/v2\/users\/1"}],"replies":[{"embeddable":true,"href":"https:\/\/www.vmcservices.cat\/cat\/wp-json\/wp\/v2\/comments?post=187"}],"version-history":[{"count":109,"href":"https:\/\/www.vmcservices.cat\/cat\/wp-json\/wp\/v2\/pages\/187\/revisions"}],"predecessor-version":[{"id":1897,"href":"https:\/\/www.vmcservices.cat\/cat\/wp-json\/wp\/v2\/pages\/187\/revisions\/1897"}],"wp:attachment":[{"href":"https:\/\/www.vmcservices.cat\/cat\/wp-json\/wp\/v2\/media?parent=187"}],"curies":[{"name":"wp","href":"https:\/\/api.w.org\/{rel}","templated":true}]}}